{"id":115,"date":"2019-08-21T11:33:00","date_gmt":"2019-08-21T11:33:00","guid":{"rendered":"https:\/\/heureka-trade.de\/WP\/?page_id=28"},"modified":"2020-01-09T22:30:33","modified_gmt":"2020-01-09T22:30:33","slug":"heu9833-slimline-singlepack-dh-5","status":"publish","type":"page","link":"https:\/\/heureka-trade.de\/index.php\/language\/pl\/heu9833-slimline-singlepack-dh-5\/","title":{"rendered":"heu9833 Slimline Singlepack dH"},"content":{"rendered":"<p><img loading=\"lazy\" decoding=\"async\" class=\"size-full wp-image-393 alignright\" src=\"https:\/\/heureka-trade.de\/wp-content\/uploads\/2020\/01\/heu9833.jpg\" alt=\"\" width=\"512\" height=\"768\" srcset=\"https:\/\/heureka-trade.de\/wp-content\/uploads\/2020\/01\/heu9833.jpg 512w, https:\/\/heureka-trade.de\/wp-content\/uploads\/2020\/01\/heu9833-200x300.jpg 200w\" sizes=\"auto, (max-width: 512px) 100vw, 512px\" \/>Sztu\u0107ce do pomiaru twardo\u015bci ca\u0142kowitej<\/p>\n<p>1 kropla = 1 \u00b0 dH<\/p>\n<p>sk\u0142adaj\u0105cy si\u0119 z<\/p>\n<p>1x 15ml roztw\u00f3r do miareczkowania<\/p>\n<p>1x kubek pomiarowy<\/p>\n<p>1x instrukcja obs\u0142ugi<\/p>\n<p>Pakowane w worek ci\u015bnieniowy<\/p>\n<p>Wymiary ok. 80x17x120mm<\/p>\n<p>Modelno. heu9833<\/p>\n","protected":false},"excerpt":{"rendered":"<p>Sztu\u0107ce do pomiaru twardo\u015bci ca\u0142kowitej 1 kropla = 1 \u00b0 dH sk\u0142adaj\u0105cy si\u0119 z 1x 15ml roztw\u00f3r do miareczkowania 1x kubek pomiarowy 1x instrukcja obs\u0142ugi Pakowane w worek ci\u015bnieniowy Wymiary ok. 80x17x120mm Modelno. heu9833<\/p>\n","protected":false},"author":1,"featured_media":0,"parent":0,"menu_order":0,"comment_status":"closed","ping_status":"closed","template":"","meta":{"footnotes":""},"class_list":["post-115","page","type-page","status-publish"],"_links":{"self":[{"href":"https:\/\/heureka-trade.de\/index.php\/wp-json\/wp\/v2\/pages\/115","targetHints":{"allow":["GET"]}}],"collection":[{"href":"https:\/\/heureka-trade.de\/index.php\/wp-json\/wp\/v2\/pages"}],"about":[{"href":"https:\/\/heureka-trade.de\/index.php\/wp-json\/wp\/v2\/types\/page"}],"author":[{"embeddable":true,"href":"https:\/\/heureka-trade.de\/index.php\/wp-json\/wp\/v2\/users\/1"}],"replies":[{"embeddable":true,"href":"https:\/\/heureka-trade.de\/index.php\/wp-json\/wp\/v2\/comments?post=115"}],"version-history":[{"count":3,"href":"https:\/\/heureka-trade.de\/index.php\/wp-json\/wp\/v2\/pages\/115\/revisions"}],"predecessor-version":[{"id":461,"href":"https:\/\/heureka-trade.de\/index.php\/wp-json\/wp\/v2\/pages\/115\/revisions\/461"}],"wp:attachment":[{"href":"https:\/\/heureka-trade.de\/index.php\/wp-json\/wp\/v2\/media?parent=115"}],"curies":[{"name":"wp","href":"https:\/\/api.w.org\/{rel}","templated":true}]}}