{"id":130,"date":"2019-08-21T11:57:35","date_gmt":"2019-08-21T11:57:35","guid":{"rendered":"https:\/\/heureka-trade.de\/WP\/?page_id=47"},"modified":"2020-01-09T22:31:05","modified_gmt":"2020-01-09T22:31:05","slug":"heu9844-slimline-doublepack-fh-3","status":"publish","type":"page","link":"https:\/\/heureka-trade.de\/index.php\/language\/fr\/heu9844-slimline-doublepack-fh-3\/","title":{"rendered":"heu9844 Slimline Doublepack fH"},"content":{"rendered":"<div class=\"entry-content\">\n<p><img loading=\"lazy\" decoding=\"async\" class=\"size-full wp-image-395 alignright\" src=\"https:\/\/heureka-trade.de\/wp-content\/uploads\/2020\/01\/heu9834.jpg\" alt=\"\" width=\"512\" height=\"768\" srcset=\"https:\/\/heureka-trade.de\/wp-content\/uploads\/2020\/01\/heu9834.jpg 512w, https:\/\/heureka-trade.de\/wp-content\/uploads\/2020\/01\/heu9834-200x300.jpg 200w\" sizes=\"auto, (max-width: 512px) 100vw, 512px\" \/>La duret\u00e9 totale mesurant les couverts<\/p>\n<p>1 goutte \u00e0 1 fH<\/p>\n<p>compos\u00e9 de<\/p>\n<p>2x 15ml solution de titration<\/p>\n<p>1x Tasse \u00e0 mesurer<\/p>\n<p>1x Instructions<\/p>\n<p>Emball\u00e9 dans un sac \u00e0 bouchon de pression<\/p>\n<p>Dimensions env. 80x17x120mm<\/p>\n<p>Le Modelno. heu9844 (en)<\/p>\n<\/div>\n","protected":false},"excerpt":{"rendered":"<p>La duret\u00e9 totale mesurant les couverts 1 goutte \u00e0 1 fH compos\u00e9 de 2x 15ml solution de titration 1x Tasse \u00e0 mesurer 1x Instructions Emball\u00e9 dans un sac \u00e0 bouchon de pression Dimensions env. 80x17x120mm Le Modelno. heu9844 (en)<\/p>\n","protected":false},"author":1,"featured_media":0,"parent":0,"menu_order":0,"comment_status":"closed","ping_status":"closed","template":"","meta":{"footnotes":""},"class_list":["post-130","page","type-page","status-publish"],"_links":{"self":[{"href":"https:\/\/heureka-trade.de\/index.php\/wp-json\/wp\/v2\/pages\/130","targetHints":{"allow":["GET"]}}],"collection":[{"href":"https:\/\/heureka-trade.de\/index.php\/wp-json\/wp\/v2\/pages"}],"about":[{"href":"https:\/\/heureka-trade.de\/index.php\/wp-json\/wp\/v2\/types\/page"}],"author":[{"embeddable":true,"href":"https:\/\/heureka-trade.de\/index.php\/wp-json\/wp\/v2\/users\/1"}],"replies":[{"embeddable":true,"href":"https:\/\/heureka-trade.de\/index.php\/wp-json\/wp\/v2\/comments?post=130"}],"version-history":[{"count":2,"href":"https:\/\/heureka-trade.de\/index.php\/wp-json\/wp\/v2\/pages\/130\/revisions"}],"predecessor-version":[{"id":483,"href":"https:\/\/heureka-trade.de\/index.php\/wp-json\/wp\/v2\/pages\/130\/revisions\/483"}],"wp:attachment":[{"href":"https:\/\/heureka-trade.de\/index.php\/wp-json\/wp\/v2\/media?parent=130"}],"curies":[{"name":"wp","href":"https:\/\/api.w.org\/{rel}","templated":true}]}}