{"id":160,"date":"2019-08-23T06:04:15","date_gmt":"2019-08-23T06:04:15","guid":{"rendered":"https:\/\/heureka-trade.de\/WP\/?page_id=92"},"modified":"2020-01-09T22:31:54","modified_gmt":"2020-01-09T22:31:54","slug":"heu9891-blister-singlepack-dh-5","status":"publish","type":"page","link":"https:\/\/heureka-trade.de\/index.php\/language\/pl\/heu9891-blister-singlepack-dh-5\/","title":{"rendered":"heu9891 blister Singlepack dH"},"content":{"rendered":"<div class=\"entry-content\">\n<div class=\"entry-content\">\n<p><img loading=\"lazy\" decoding=\"async\" class=\"size-full wp-image-408 alignright\" src=\"https:\/\/heureka-trade.de\/wp-content\/uploads\/2020\/01\/heu9891.jpg\" alt=\"\" width=\"512\" height=\"768\" srcset=\"https:\/\/heureka-trade.de\/wp-content\/uploads\/2020\/01\/heu9891.jpg 512w, https:\/\/heureka-trade.de\/wp-content\/uploads\/2020\/01\/heu9891-200x300.jpg 200w\" sizes=\"auto, (max-width: 512px) 100vw, 512px\" \/>Sztu\u0107ce do pomiaru twardo\u015bci ca\u0142kowitej<\/p>\n<p>1 kropla = 1 \u00b0 dH<\/p>\n<p>sk\u0142adaj\u0105cy si\u0119 z<\/p>\n<p>1x 15ml roztw\u00f3r do miareczkowania<\/p>\n<p>1x kubek pomiarowy<\/p>\n<p>1x instrukcja obs\u0142ugi<\/p>\n<p>Pakowane w blister przesuwny<\/p>\n<p>Wymiary ok. 99x99x25mm<\/p>\n<p>Modelno. heu9891<\/p>\n<\/div>\n<\/div>\n","protected":false},"excerpt":{"rendered":"<p>Sztu\u0107ce do pomiaru twardo\u015bci ca\u0142kowitej 1 kropla = 1 \u00b0 dH sk\u0142adaj\u0105cy si\u0119 z 1x 15ml roztw\u00f3r do miareczkowania 1x kubek pomiarowy 1x instrukcja obs\u0142ugi Pakowane w blister przesuwny Wymiary ok. 99x99x25mm Modelno. heu9891<\/p>\n","protected":false},"author":1,"featured_media":0,"parent":0,"menu_order":0,"comment_status":"closed","ping_status":"closed","template":"","meta":{"footnotes":""},"class_list":["post-160","page","type-page","status-publish"],"_links":{"self":[{"href":"https:\/\/heureka-trade.de\/index.php\/wp-json\/wp\/v2\/pages\/160","targetHints":{"allow":["GET"]}}],"collection":[{"href":"https:\/\/heureka-trade.de\/index.php\/wp-json\/wp\/v2\/pages"}],"about":[{"href":"https:\/\/heureka-trade.de\/index.php\/wp-json\/wp\/v2\/types\/page"}],"author":[{"embeddable":true,"href":"https:\/\/heureka-trade.de\/index.php\/wp-json\/wp\/v2\/users\/1"}],"replies":[{"embeddable":true,"href":"https:\/\/heureka-trade.de\/index.php\/wp-json\/wp\/v2\/comments?post=160"}],"version-history":[{"count":2,"href":"https:\/\/heureka-trade.de\/index.php\/wp-json\/wp\/v2\/pages\/160\/revisions"}],"predecessor-version":[{"id":517,"href":"https:\/\/heureka-trade.de\/index.php\/wp-json\/wp\/v2\/pages\/160\/revisions\/517"}],"wp:attachment":[{"href":"https:\/\/heureka-trade.de\/index.php\/wp-json\/wp\/v2\/media?parent=160"}],"curies":[{"name":"wp","href":"https:\/\/api.w.org\/{rel}","templated":true}]}}