{"id":162,"date":"2019-08-23T06:04:58","date_gmt":"2019-08-23T06:04:58","guid":{"rendered":"https:\/\/heureka-trade.de\/WP\/?page_id=94"},"modified":"2020-01-09T22:31:57","modified_gmt":"2020-01-09T22:31:57","slug":"heu9892-blister-doublepack-dh-3","status":"publish","type":"page","link":"https:\/\/heureka-trade.de\/index.php\/language\/fr\/heu9892-blister-doublepack-dh-3\/","title":{"rendered":"heu9892 Blister Doublepack dH"},"content":{"rendered":"<p><img loading=\"lazy\" decoding=\"async\" class=\"size-full wp-image-410 alignright\" src=\"https:\/\/heureka-trade.de\/wp-content\/uploads\/2020\/01\/heu9892.jpg\" alt=\"\" width=\"512\" height=\"768\" srcset=\"https:\/\/heureka-trade.de\/wp-content\/uploads\/2020\/01\/heu9892.jpg 512w, https:\/\/heureka-trade.de\/wp-content\/uploads\/2020\/01\/heu9892-200x300.jpg 200w\" sizes=\"auto, (max-width: 512px) 100vw, 512px\" \/>La duret\u00e9 totale mesurant les couverts<\/p>\n<p>1 goutte \u00e0 1 dH<\/p>\n<p>compos\u00e9 de<\/p>\n<p>2x 15ml solution de titration<\/p>\n<p>1x Tasse \u00e0 mesurer<\/p>\n<p>1x Instructions<\/p>\n<p>Emball\u00e9 dans une boursouflure coulissante<\/p>\n<p>Dimensions env. 99x99x25mm<\/p>\n<p>Le Modelno. heu9892 (heu9892)<\/p>\n","protected":false},"excerpt":{"rendered":"<p>La duret\u00e9 totale mesurant les couverts 1 goutte \u00e0 1 dH compos\u00e9 de 2x 15ml solution de titration 1x Tasse \u00e0 mesurer 1x Instructions Emball\u00e9 dans une boursouflure coulissante Dimensions env. 99x99x25mm Le Modelno. heu9892 (heu9892)<\/p>\n","protected":false},"author":1,"featured_media":0,"parent":0,"menu_order":0,"comment_status":"closed","ping_status":"closed","template":"","meta":{"footnotes":""},"class_list":["post-162","page","type-page","status-publish"],"_links":{"self":[{"href":"https:\/\/heureka-trade.de\/index.php\/wp-json\/wp\/v2\/pages\/162","targetHints":{"allow":["GET"]}}],"collection":[{"href":"https:\/\/heureka-trade.de\/index.php\/wp-json\/wp\/v2\/pages"}],"about":[{"href":"https:\/\/heureka-trade.de\/index.php\/wp-json\/wp\/v2\/types\/page"}],"author":[{"embeddable":true,"href":"https:\/\/heureka-trade.de\/index.php\/wp-json\/wp\/v2\/users\/1"}],"replies":[{"embeddable":true,"href":"https:\/\/heureka-trade.de\/index.php\/wp-json\/wp\/v2\/comments?post=162"}],"version-history":[{"count":2,"href":"https:\/\/heureka-trade.de\/index.php\/wp-json\/wp\/v2\/pages\/162\/revisions"}],"predecessor-version":[{"id":519,"href":"https:\/\/heureka-trade.de\/index.php\/wp-json\/wp\/v2\/pages\/162\/revisions\/519"}],"wp:attachment":[{"href":"https:\/\/heureka-trade.de\/index.php\/wp-json\/wp\/v2\/media?parent=162"}],"curies":[{"name":"wp","href":"https:\/\/api.w.org\/{rel}","templated":true}]}}