{"id":166,"date":"2019-08-23T06:05:48","date_gmt":"2019-08-23T06:05:48","guid":{"rendered":"https:\/\/heureka-trade.de\/WP\/?page_id=96"},"modified":"2019-08-26T07:15:38","modified_gmt":"2019-08-26T07:15:38","slug":"heu9893-blister-singlepack-fh-3","status":"publish","type":"page","link":"https:\/\/heureka-trade.de\/index.php\/language\/fr\/heu9893-blister-singlepack-fh-3\/","title":{"rendered":"heu9893 Blister Singlepack fH"},"content":{"rendered":"<p><img loading=\"lazy\" decoding=\"async\" class=\"wp-image-352 size-medium alignright\" src=\"https:\/\/heureka-trade.de\/wp-content\/uploads\/2019\/08\/heu9893-247x300.jpg\" alt=\"\" width=\"247\" height=\"300\" srcset=\"https:\/\/heureka-trade.de\/wp-content\/uploads\/2019\/08\/heu9893-247x300.jpg 247w, https:\/\/heureka-trade.de\/wp-content\/uploads\/2019\/08\/heu9893-768x932.jpg 768w, https:\/\/heureka-trade.de\/wp-content\/uploads\/2019\/08\/heu9893-844x1024.jpg 844w, https:\/\/heureka-trade.de\/wp-content\/uploads\/2019\/08\/heu9893.jpg 1293w\" sizes=\"auto, (max-width: 247px) 100vw, 247px\" \/>La duret\u00e9 totale mesurant les couverts<\/p>\n<p>1 goutte \u00e0 1 fH<\/p>\n<p>compos\u00e9 de<\/p>\n<p>1x 15ml solution de titration<\/p>\n<p>1x Tasse \u00e0 mesurer<\/p>\n<p>1x Instructions<\/p>\n<p>Emball\u00e9 dans une boursouflure coulissante<\/p>\n<p>Dimensions env. 99x99x25mm<\/p>\n<p>Le Modelno. heu9893 (en)<\/p>\n","protected":false},"excerpt":{"rendered":"<p>La duret\u00e9 totale mesurant les couverts 1 goutte \u00e0 1 fH compos\u00e9 de 1x 15ml solution de titration 1x Tasse \u00e0 mesurer 1x Instructions Emball\u00e9 dans une boursouflure coulissante Dimensions env. 99x99x25mm Le Modelno. heu9893 (en)<\/p>\n","protected":false},"author":1,"featured_media":0,"parent":0,"menu_order":0,"comment_status":"closed","ping_status":"closed","template":"","meta":{"footnotes":""},"class_list":["post-166","page","type-page","status-publish"],"_links":{"self":[{"href":"https:\/\/heureka-trade.de\/index.php\/wp-json\/wp\/v2\/pages\/166","targetHints":{"allow":["GET"]}}],"collection":[{"href":"https:\/\/heureka-trade.de\/index.php\/wp-json\/wp\/v2\/pages"}],"about":[{"href":"https:\/\/heureka-trade.de\/index.php\/wp-json\/wp\/v2\/types\/page"}],"author":[{"embeddable":true,"href":"https:\/\/heureka-trade.de\/index.php\/wp-json\/wp\/v2\/users\/1"}],"replies":[{"embeddable":true,"href":"https:\/\/heureka-trade.de\/index.php\/wp-json\/wp\/v2\/comments?post=166"}],"version-history":[{"count":1,"href":"https:\/\/heureka-trade.de\/index.php\/wp-json\/wp\/v2\/pages\/166\/revisions"}],"predecessor-version":[{"id":385,"href":"https:\/\/heureka-trade.de\/index.php\/wp-json\/wp\/v2\/pages\/166\/revisions\/385"}],"wp:attachment":[{"href":"https:\/\/heureka-trade.de\/index.php\/wp-json\/wp\/v2\/media?parent=166"}],"curies":[{"name":"wp","href":"https:\/\/api.w.org\/{rel}","templated":true}]}}