{"id":168,"date":"2019-08-23T06:05:48","date_gmt":"2019-08-23T06:05:48","guid":{"rendered":"https:\/\/heureka-trade.de\/WP\/?page_id=96"},"modified":"2019-08-26T07:15:40","modified_gmt":"2019-08-26T07:15:40","slug":"heu9893-blister-singlepack-fh-5","status":"publish","type":"page","link":"https:\/\/heureka-trade.de\/index.php\/language\/pl\/heu9893-blister-singlepack-fh-5\/","title":{"rendered":"heu9893 blister Singlepack fH"},"content":{"rendered":"<p><img loading=\"lazy\" decoding=\"async\" class=\"wp-image-352 size-medium alignright\" src=\"https:\/\/heureka-trade.de\/wp-content\/uploads\/2019\/08\/heu9893-247x300.jpg\" alt=\"\" width=\"247\" height=\"300\" srcset=\"https:\/\/heureka-trade.de\/wp-content\/uploads\/2019\/08\/heu9893-247x300.jpg 247w, https:\/\/heureka-trade.de\/wp-content\/uploads\/2019\/08\/heu9893-768x932.jpg 768w, https:\/\/heureka-trade.de\/wp-content\/uploads\/2019\/08\/heu9893-844x1024.jpg 844w, https:\/\/heureka-trade.de\/wp-content\/uploads\/2019\/08\/heu9893.jpg 1293w\" sizes=\"auto, (max-width: 247px) 100vw, 247px\" \/>Sztu\u0107ce do pomiaru twardo\u015bci ca\u0142kowitej<\/p>\n<p>1 kropla = 1 \u00b0 fH<\/p>\n<p>sk\u0142adaj\u0105cy si\u0119 z<\/p>\n<p>1x 15ml roztw\u00f3r do miareczkowania<\/p>\n<p>1x kubek pomiarowy<\/p>\n<p>1x instrukcja obs\u0142ugi<\/p>\n<p>Pakowane w blister przesuwny<\/p>\n<p>Wymiary ok. 99x99x25mm<\/p>\n<p>Modelno. heu9893<\/p>\n","protected":false},"excerpt":{"rendered":"<p>Sztu\u0107ce do pomiaru twardo\u015bci ca\u0142kowitej 1 kropla = 1 \u00b0 fH sk\u0142adaj\u0105cy si\u0119 z 1x 15ml roztw\u00f3r do miareczkowania 1x kubek pomiarowy 1x instrukcja obs\u0142ugi Pakowane w blister przesuwny Wymiary ok. 99x99x25mm Modelno. heu9893<\/p>\n","protected":false},"author":1,"featured_media":0,"parent":0,"menu_order":0,"comment_status":"closed","ping_status":"closed","template":"","meta":{"footnotes":""},"class_list":["post-168","page","type-page","status-publish"],"_links":{"self":[{"href":"https:\/\/heureka-trade.de\/index.php\/wp-json\/wp\/v2\/pages\/168","targetHints":{"allow":["GET"]}}],"collection":[{"href":"https:\/\/heureka-trade.de\/index.php\/wp-json\/wp\/v2\/pages"}],"about":[{"href":"https:\/\/heureka-trade.de\/index.php\/wp-json\/wp\/v2\/types\/page"}],"author":[{"embeddable":true,"href":"https:\/\/heureka-trade.de\/index.php\/wp-json\/wp\/v2\/users\/1"}],"replies":[{"embeddable":true,"href":"https:\/\/heureka-trade.de\/index.php\/wp-json\/wp\/v2\/comments?post=168"}],"version-history":[{"count":1,"href":"https:\/\/heureka-trade.de\/index.php\/wp-json\/wp\/v2\/pages\/168\/revisions"}],"predecessor-version":[{"id":387,"href":"https:\/\/heureka-trade.de\/index.php\/wp-json\/wp\/v2\/pages\/168\/revisions\/387"}],"wp:attachment":[{"href":"https:\/\/heureka-trade.de\/index.php\/wp-json\/wp\/v2\/media?parent=168"}],"curies":[{"name":"wp","href":"https:\/\/api.w.org\/{rel}","templated":true}]}}