{"id":172,"date":"2019-08-23T06:06:39","date_gmt":"2019-08-23T06:06:39","guid":{"rendered":"https:\/\/heureka-trade.de\/WP\/?page_id=98"},"modified":"2019-08-26T07:15:46","modified_gmt":"2019-08-26T07:15:46","slug":"heu9894-blister-doublepack-fh-5","status":"publish","type":"page","link":"https:\/\/heureka-trade.de\/index.php\/language\/pl\/heu9894-blister-doublepack-fh-5\/","title":{"rendered":"heu9894 blister Doublepack fH"},"content":{"rendered":"<p><img loading=\"lazy\" decoding=\"async\" class=\"wp-image-354 size-medium alignright\" src=\"https:\/\/heureka-trade.de\/wp-content\/uploads\/2019\/08\/heu9894-248x300.jpg\" alt=\"\" width=\"248\" height=\"300\" srcset=\"https:\/\/heureka-trade.de\/wp-content\/uploads\/2019\/08\/heu9894-248x300.jpg 248w, https:\/\/heureka-trade.de\/wp-content\/uploads\/2019\/08\/heu9894-768x930.jpg 768w, https:\/\/heureka-trade.de\/wp-content\/uploads\/2019\/08\/heu9894-846x1024.jpg 846w, https:\/\/heureka-trade.de\/wp-content\/uploads\/2019\/08\/heu9894.jpg 1253w\" sizes=\"auto, (max-width: 248px) 100vw, 248px\" \/>Sztu\u0107ce do pomiaru twardo\u015bci ca\u0142kowitej<\/p>\n<p>1 kropla = 1 \u00b0 fH<\/p>\n<p>sk\u0142adaj\u0105cy si\u0119 z<\/p>\n<p>2x 15ml roztw\u00f3r do miareczkowania<\/p>\n<p>1x kubek pomiarowy<\/p>\n<p>1x instrukcja obs\u0142ugi<\/p>\n<p>Pakowane w blister przesuwny<\/p>\n<p>Wymiary ok. 99x99x25mm<\/p>\n<p>Modelno. heu9894<\/p>\n","protected":false},"excerpt":{"rendered":"<p>Sztu\u0107ce do pomiaru twardo\u015bci ca\u0142kowitej 1 kropla = 1 \u00b0 fH sk\u0142adaj\u0105cy si\u0119 z 2x 15ml roztw\u00f3r do miareczkowania 1x kubek pomiarowy 1x instrukcja obs\u0142ugi Pakowane w blister przesuwny Wymiary ok. 99x99x25mm Modelno. heu9894<\/p>\n","protected":false},"author":1,"featured_media":0,"parent":0,"menu_order":0,"comment_status":"closed","ping_status":"closed","template":"","meta":{"footnotes":""},"class_list":["post-172","page","type-page","status-publish"],"_links":{"self":[{"href":"https:\/\/heureka-trade.de\/index.php\/wp-json\/wp\/v2\/pages\/172","targetHints":{"allow":["GET"]}}],"collection":[{"href":"https:\/\/heureka-trade.de\/index.php\/wp-json\/wp\/v2\/pages"}],"about":[{"href":"https:\/\/heureka-trade.de\/index.php\/wp-json\/wp\/v2\/types\/page"}],"author":[{"embeddable":true,"href":"https:\/\/heureka-trade.de\/index.php\/wp-json\/wp\/v2\/users\/1"}],"replies":[{"embeddable":true,"href":"https:\/\/heureka-trade.de\/index.php\/wp-json\/wp\/v2\/comments?post=172"}],"version-history":[{"count":1,"href":"https:\/\/heureka-trade.de\/index.php\/wp-json\/wp\/v2\/pages\/172\/revisions"}],"predecessor-version":[{"id":391,"href":"https:\/\/heureka-trade.de\/index.php\/wp-json\/wp\/v2\/pages\/172\/revisions\/391"}],"wp:attachment":[{"href":"https:\/\/heureka-trade.de\/index.php\/wp-json\/wp\/v2\/media?parent=172"}],"curies":[{"name":"wp","href":"https:\/\/api.w.org\/{rel}","templated":true}]}}