{"id":178,"date":"2019-08-21T14:52:22","date_gmt":"2019-08-21T14:52:22","guid":{"rendered":"https:\/\/heureka-trade.de\/WP\/?page_id=63"},"modified":"2019-08-23T09:11:05","modified_gmt":"2019-08-23T09:11:05","slug":"empreinte","status":"publish","type":"page","link":"https:\/\/heureka-trade.de\/index.php\/language\/fr\/empreinte\/","title":{"rendered":"Mentions l\u00e9gales"},"content":{"rendered":"<p><strong>Identification du fournisseur l\u00e9gal :<\/strong><\/p>\n<p><strong>heureka trade GmbH &amp; Co. KG<\/strong><br \/>\n<strong>Neuer Weg 3<\/strong><br \/>\n<strong>D-59505 Bad Sassendorf<\/strong><\/p>\n<p>T\u00e9l. : 49 (0) 29 27 \/ 91 99 782<br \/>\nT\u00e9l\u00e9copieur : 49 (0) 29 27 \/ 91 99 783<br \/>\neMail: info@heureka-trade.de<\/p>\n<p>Cour d&#8217;enregistrement: Arnsberg District Court<br \/>\nNum\u00e9ro d&#8217;enregistrement: HRA 5609<\/p>\n<p>heureka commerce GmbH et Co. KG est repr\u00e9sent\u00e9 par le partenaire responsable personnel :<\/p>\n<p>ITTN Beteiligungs- S.A.R.L.,<br \/>\ns&#8217;inscrire:<br \/>\nCour de district d&#8217;Arnsberg, HRB 6480.<br \/>\nIl est repr\u00e9sent\u00e9 \u00e0 son tour par le directeur g\u00e9n\u00e9ral Daniel Meinberg<\/p>\n<p>Num\u00e9ro d&#8217;identification TVA<br \/>\nconform\u00e9ment \u00e0 l&#8217;article 27 a<br \/>\nLoi sur la taxe sur la valeur ajout\u00e9e : DE233044543<br \/>\nNum\u00e9ro d&#8217;imp\u00f4t 343\/5763\/0517<\/p>\n<p><strong>\u00a0<\/strong><\/p>\n<p><strong>R\u00e9solution alternative des diff\u00e9rends :<\/strong><br \/>\nLa Commission europ\u00e9enne dispose d&#8217;une plate-forme de r\u00e8glement des litiges en ligne (plateforme OS) hors cour, disponible \u00e0 h<a href=\"https:\/\/ec.europa.eu\/odr\" target=\"_blank\" rel=\"noopener noreferrer\">ttps:\/\/ec.europa.eu\/odr<\/a>.<\/p>\n<p><strong>Nous sommes mem<\/strong><strong>bres de l&#8217;in<\/strong><strong>itiative FairCommerce depuis le 12.01.2017.<\/strong><br \/>\nPour plus d&#8217;informations, voir www.fair-commerce.de.<\/p>\n","protected":false},"excerpt":{"rendered":"<p>Identification du fournisseur l\u00e9gal : heureka trade GmbH &amp; Co. KG Neuer Weg 3 D-59505 Bad Sassendorf T\u00e9l. : 49 (0) 29 27 \/ 91 99 782 T\u00e9l\u00e9copieur : 49 (0) 29 27 \/ 91 99 783 eMail: info@heureka-trade.de Cour d&#8217;enregistrement: Arnsberg District Court Num\u00e9ro d&#8217;enregistrement: HRA 5609 heureka commerce GmbH et Co. KG est &#8230; <a title=\"Mentions l\u00e9gales\" class=\"read-more\" href=\"https:\/\/heureka-trade.de\/index.php\/language\/fr\/empreinte\/\" aria-label=\"Mehr Informationen \u00fcber Mentions l\u00e9gales\">Weiterlesen<\/a><\/p>\n","protected":false},"author":1,"featured_media":0,"parent":0,"menu_order":0,"comment_status":"closed","ping_status":"closed","template":"","meta":{"footnotes":""},"class_list":["post-178","page","type-page","status-publish"],"_links":{"self":[{"href":"https:\/\/heureka-trade.de\/index.php\/wp-json\/wp\/v2\/pages\/178","targetHints":{"allow":["GET"]}}],"collection":[{"href":"https:\/\/heureka-trade.de\/index.php\/wp-json\/wp\/v2\/pages"}],"about":[{"href":"https:\/\/heureka-trade.de\/index.php\/wp-json\/wp\/v2\/types\/page"}],"author":[{"embeddable":true,"href":"https:\/\/heureka-trade.de\/index.php\/wp-json\/wp\/v2\/users\/1"}],"replies":[{"embeddable":true,"href":"https:\/\/heureka-trade.de\/index.php\/wp-json\/wp\/v2\/comments?post=178"}],"version-history":[{"count":1,"href":"https:\/\/heureka-trade.de\/index.php\/wp-json\/wp\/v2\/pages\/178\/revisions"}],"predecessor-version":[{"id":324,"href":"https:\/\/heureka-trade.de\/index.php\/wp-json\/wp\/v2\/pages\/178\/revisions\/324"}],"wp:attachment":[{"href":"https:\/\/heureka-trade.de\/index.php\/wp-json\/wp\/v2\/media?parent=178"}],"curies":[{"name":"wp","href":"https:\/\/api.w.org\/{rel}","templated":true}]}}