{"id":183,"date":"2019-08-21T12:57:00","date_gmt":"2019-08-21T12:57:00","guid":{"rendered":"https:\/\/heureka-trade.de\/WP\/?page_id=59"},"modified":"2019-08-21T12:57:00","modified_gmt":"2019-08-21T12:57:00","slug":"oem-servizio","status":"publish","type":"page","link":"https:\/\/heureka-trade.de\/index.php\/language\/it\/oem-servizio\/","title":{"rendered":"Servizio OEM"},"content":{"rendered":"<p>Oltre al nostro packaging di prodotti, offriamo anche un servizio OEM per i rivenditori.<\/p>\n<p>Progettiamo il prodotto desiderato secondo i tuoi desideri o modelli.<\/p>\n<p>Oltre a un design personalizzato del nostro packaging di prodotti standard, offriamo anche<\/p>\n<p>completa flessibilit\u00e0 nella progettazione del prodotto.<\/p>\n<p>Reimb\u00e8 in vesciche, scatole, scatole o lamina \u00e8 possibile in tutti i formati.<\/p>\n<p>Sono possibili anche altre dimensioni del contenitore, stampate o incollate, nonch\u00e9 inserti e istruzioni.<\/p>\n<p>Si prega di chiedere il prodotto desiderato.<\/p>\n","protected":false},"excerpt":{"rendered":"<p>Oltre al nostro packaging di prodotti, offriamo anche un servizio OEM per i rivenditori. Progettiamo il prodotto desiderato secondo i tuoi desideri o modelli. Oltre a un design personalizzato del nostro packaging di prodotti standard, offriamo anche completa flessibilit\u00e0 nella progettazione del prodotto. Reimb\u00e8 in vesciche, scatole, scatole o lamina \u00e8 possibile in tutti i &#8230; <a title=\"Servizio OEM\" class=\"read-more\" href=\"https:\/\/heureka-trade.de\/index.php\/language\/it\/oem-servizio\/\" aria-label=\"Mehr Informationen \u00fcber Servizio OEM\">Weiterlesen<\/a><\/p>\n","protected":false},"author":1,"featured_media":0,"parent":0,"menu_order":0,"comment_status":"closed","ping_status":"closed","template":"","meta":{"footnotes":""},"class_list":["post-183","page","type-page","status-publish"],"_links":{"self":[{"href":"https:\/\/heureka-trade.de\/index.php\/wp-json\/wp\/v2\/pages\/183","targetHints":{"allow":["GET"]}}],"collection":[{"href":"https:\/\/heureka-trade.de\/index.php\/wp-json\/wp\/v2\/pages"}],"about":[{"href":"https:\/\/heureka-trade.de\/index.php\/wp-json\/wp\/v2\/types\/page"}],"author":[{"embeddable":true,"href":"https:\/\/heureka-trade.de\/index.php\/wp-json\/wp\/v2\/users\/1"}],"replies":[{"embeddable":true,"href":"https:\/\/heureka-trade.de\/index.php\/wp-json\/wp\/v2\/comments?post=183"}],"version-history":[{"count":0,"href":"https:\/\/heureka-trade.de\/index.php\/wp-json\/wp\/v2\/pages\/183\/revisions"}],"wp:attachment":[{"href":"https:\/\/heureka-trade.de\/index.php\/wp-json\/wp\/v2\/media?parent=183"}],"curies":[{"name":"wp","href":"https:\/\/api.w.org\/{rel}","templated":true}]}}