{"id":184,"date":"2019-08-21T12:57:00","date_gmt":"2019-08-21T12:57:00","guid":{"rendered":"https:\/\/heureka-trade.de\/WP\/?page_id=59"},"modified":"2019-08-21T12:57:00","modified_gmt":"2019-08-21T12:57:00","slug":"oem-serwis","status":"publish","type":"page","link":"https:\/\/heureka-trade.de\/index.php\/language\/pl\/oem-serwis\/","title":{"rendered":"Us\u0142uga OEM"},"content":{"rendered":"<p>Opr\u00f3cz w\u0142asnego opakowania produkt\u00f3w oferujemy r\u00f3wnie\u017c us\u0142ug\u0119 OEM dla sprzedawc\u00f3w detalicznych.<\/p>\n<p>Projektujemy \u017c\u0105dany produkt zgodnie z w\u0142asnymi \u017cyczeniami lub szablonami.<\/p>\n<p>Opr\u00f3cz niestandardowej konstrukcji naszego standardowego opakowania produkt\u00f3w, oferujemy r\u00f3wnie\u017c<\/p>\n<p>pe\u0142n\u0105 elastyczno\u015b\u0107 w projektowaniu produkt\u00f3w.<\/p>\n<p>Przepakowanie w blistrach, pude\u0142ka, pude\u0142ka lub folii jest mo\u017cliwe we wszystkich formatach.<\/p>\n<p>Mo\u017cliwe s\u0105 r\u00f3wnie\u017c inne rozmiary pojemnik\u00f3w, drukowane lub klejone, jak r\u00f3wnie\u017c wk\u0142adki i instrukcje.<\/p>\n<p>Prosimy o podanie \u017c\u0105danego produktu.<\/p>\n","protected":false},"excerpt":{"rendered":"<p>Opr\u00f3cz w\u0142asnego opakowania produkt\u00f3w oferujemy r\u00f3wnie\u017c us\u0142ug\u0119 OEM dla sprzedawc\u00f3w detalicznych. Projektujemy \u017c\u0105dany produkt zgodnie z w\u0142asnymi \u017cyczeniami lub szablonami. Opr\u00f3cz niestandardowej konstrukcji naszego standardowego opakowania produkt\u00f3w, oferujemy r\u00f3wnie\u017c pe\u0142n\u0105 elastyczno\u015b\u0107 w projektowaniu produkt\u00f3w. Przepakowanie w blistrach, pude\u0142ka, pude\u0142ka lub folii jest mo\u017cliwe we wszystkich formatach. Mo\u017cliwe s\u0105 r\u00f3wnie\u017c inne rozmiary pojemnik\u00f3w, drukowane lub klejone, &#8230; <a title=\"Us\u0142uga OEM\" class=\"read-more\" href=\"https:\/\/heureka-trade.de\/index.php\/language\/pl\/oem-serwis\/\" aria-label=\"Mehr Informationen \u00fcber Us\u0142uga OEM\">Weiterlesen<\/a><\/p>\n","protected":false},"author":1,"featured_media":0,"parent":0,"menu_order":0,"comment_status":"closed","ping_status":"closed","template":"","meta":{"footnotes":""},"class_list":["post-184","page","type-page","status-publish"],"_links":{"self":[{"href":"https:\/\/heureka-trade.de\/index.php\/wp-json\/wp\/v2\/pages\/184","targetHints":{"allow":["GET"]}}],"collection":[{"href":"https:\/\/heureka-trade.de\/index.php\/wp-json\/wp\/v2\/pages"}],"about":[{"href":"https:\/\/heureka-trade.de\/index.php\/wp-json\/wp\/v2\/types\/page"}],"author":[{"embeddable":true,"href":"https:\/\/heureka-trade.de\/index.php\/wp-json\/wp\/v2\/users\/1"}],"replies":[{"embeddable":true,"href":"https:\/\/heureka-trade.de\/index.php\/wp-json\/wp\/v2\/comments?post=184"}],"version-history":[{"count":0,"href":"https:\/\/heureka-trade.de\/index.php\/wp-json\/wp\/v2\/pages\/184\/revisions"}],"wp:attachment":[{"href":"https:\/\/heureka-trade.de\/index.php\/wp-json\/wp\/v2\/media?parent=184"}],"curies":[{"name":"wp","href":"https:\/\/api.w.org\/{rel}","templated":true}]}}