{"id":190,"date":"2019-08-21T10:23:26","date_gmt":"2019-08-21T10:23:26","guid":{"rendered":"https:\/\/heureka-trade.de\/WP\/?page_id=3"},"modified":"2019-08-21T10:23:26","modified_gmt":"2019-08-21T10:23:26","slug":"politique-de-confidentialite","status":"publish","type":"page","link":"https:\/\/heureka-trade.de\/index.php\/language\/fr\/politique-de-confidentialite\/","title":{"rendered":"Confidentialit\u00e9 et confidentialit\u00e9"},"content":{"rendered":"<p><strong>Politique de con<\/strong><\/p>\n<p>fidentialit\u00e9Sauf autrement fourni ci-dessous, la fourniture de vos donn\u00e9es personnelles n&#39;est ni requise par la loi ou le contrat, ni requise pour la conclusion d&#39;un contrat. Vous n&#39;\u00eates pas oblig\u00e9 de fournir les donn\u00e9es. Il n&#39;y a pas de cons\u00e9quences pour le non-provisionnement. Cela ne s&#39;applique que dans la mesure o\u00f9 aucune autre information n&#39;est fournie pour les op\u00e9rations de t<br \/>raitement ult\u00e9rieures.\u00bb Donn\u00e9es personnelles\u00bb d\u00e9signe toute information relative \u00e0 une personne physique identifi\u00e9e ou identifiable.<br \/>\u00a0<\/p>\n<div><strong>Fichiers journaux serveur<\/strong><\/div>\n<div>Vous pouvez visiter nos sites Web sans fournir d\u2019informations personnelles.\u00a0<\/div>\n<div>Chaque fois que vous acc\u00e9dez \u00e0 notre site Web, les donn\u00e9es d&#39;utilisation nous sont transmises ou \u00e0 notre h\u00e9bergeur web \/ fournisseur de services informatiques via votre navigateur Internet et stock\u00e9es dans des donn\u00e9es de journal (ce que l&#39;on appelle fichiers journaux des serveurs). Ces donn\u00e9es stock\u00e9es comprennent, par exemple, le nom de la page consult\u00e9e, la date et l&#39;heure de la r\u00e9cup\u00e9ration, l&#39;adresse IP, la quantit\u00e9 de donn\u00e9es transf\u00e9r\u00e9es et le fournisseur requ\u00e9rant. Le traitement est effectu\u00e9 sur la base du type. 6 ABS. 1 allum\u00e9. f GDPR par int\u00e9r\u00eat l\u00e9gitime \u00e0 assurer le fonctionnement sans probl\u00e8me de notre site Web ainsi que dans le but d&#39;am\u00e9liorer notre offre.\u00a0<br \/>\u00a0<\/div>\n<p><strong>Collecte et traitement lors de l&#39;utilisation du formulaire de <\/strong><br \/>contact Lors de l&#39;utilisation du formulaire de contact, nous recueillons vos donn\u00e9es personnelles (nom, adresse e-mail, corps de message) uniquement dans la mesure o\u00f9 vous fournissez. Le but du traitement des donn\u00e9es est de les contacter. En envoyant votre message, vous consentez au traitement des donn\u00e9es transmises. Le traitement est effectu\u00e9 sur la base du type. 6 (1) allum\u00e9. un GDPR avec votre consenteme<br \/>nt. Vous pouvez r\u00e9voquer votre consentement \u00e0 tout moment en nous informant, sans affecter la l\u00e9galit\u00e9 du traitement effectu\u00e9 sur la base du consentement jusqu&#39;\u00e0 la r\u00e9vocation. Nous n&#39;utilisons votre adresse e-mail que pour traiter votre demande. Vos donn\u00e9es seront ensuite supprim\u00e9es si vous n&#39;avez pas consenti \u00e0 un traitement et \u00e0 une utilisation ult\u00e9rieurs. Co<\/p>\n<p><strong>mpte client<\/strong><br \/>Lors de l&#39;ouverture d&#39;un compte client, nous recueillons vos donn\u00e9es personnelles dans la mesure sp\u00e9cifi\u00e9e. Le traitement des donn\u00e9es est con\u00e7u pour am\u00e9liorer votre exp\u00e9rience d&#39;achat et simplifier le traitement des commandes. Le traitement est effectu\u00e9 sur la base du type. 6 (1) allum\u00e9. un GDPR avec votre consentement. Vous pouvez r\u00e9voquer votre consentement \u00e0 tout moment en nous avisant, sans affecter la l\u00e9galit\u00e9 du traitement effectu\u00e9 sur la base du consentement jusqu&#39;\u00e0 la r\u00e9vocation. Votre compte client sera alors supprim\u00e9.<br \/>\u00a0<\/p>\n<div><strong>Collecte, traitement et transfert de donn\u00e9es personnelles sur commande<\/strong><\/div>\n<div>Lors de la commande, nous ne recueillons et traitons vos donn\u00e9es personnelles que dans la mesure o\u00f9 elles sont n\u00e9cessaires pour l&#39;ex\u00e9cution et le traitement de votre commande ainsi que pour le traitement de vos demandes. La fourniture des donn\u00e9es est n\u00e9cessaire \u00e0 la conclusion du contrat. Le d\u00e9faut de fournir signifie qu&#39;aucun contrat ne peut \u00eatre conclu. Le traitement est effectu\u00e9 sur la base du type. 6 ABS. 1 allum\u00e9. b GDPR et est n\u00e9cessaire pour l&#39;ex\u00e9cution d&#39;un contrat avec vous.\u00a0<\/div>\n<div>Vos donn\u00e9es seront transmises, par exemple, aux compagnies maritimes et aux fournisseurs de services de transport, aux fournisseurs de services de paiement, aux fournisseurs de services pour le traitement des commandes et aux fournisseurs de services informatiques. Dans tous les cas, nous respectons strictement les exigences l\u00e9gales. La port\u00e9e de la transmission des donn\u00e9es est limit\u00e9e au minimum.<br \/>\u00a0<\/div>\n<p><strong>Utilisation de l&#39;adresse e-mail pour l&#39;envoi de bulletins Nous utiliso<\/strong><br \/>ns votre adresse e-mail pour le bulletin d&#39;information pour le bulletin, quel que soit le traitement du contrat, seulement pour vos propres fins de publicit\u00e9, si vous avez express\u00e9ment accept\u00e9 cela. Le traitement est effectu\u00e9 sur la base du type. 6 (1) allum\u00e9. un GDPR avec votre consentement. Vous pouvez r\u00e9voquer votre consentement \u00e0 tout moment sans affecter la l\u00e9galit\u00e9 du traitement effectu\u00e9 sur la base du consentement jusqu&#39;\u00e0 la r\u00e9vocation. Vous pouvez vous d\u00e9sabonner de la newsletter \u00e0 tout moment en utilisant le lien correspondant dans la newsletter ou en nous envoyant un message. Votre adresse e-mail sera alors supprim\u00e9e du Maileman.\u00a0<\/p>\n<p><strong>Collecte et traitement des donn\u00e9es lors de la v\u00e9rification du cr\u00e9dit si n<\/strong><br \/>ous entrons dans les paiements anticip\u00e9s, par exemple Par exemple, dans le cas d&#39;un paiement par facture ou d\u00e9bit direct, nous nous r\u00e9servons le droit, le cas \u00e9ch\u00e9ant, de obtenir des informations de cr\u00e9dit sur la base de proc\u00e9dures math\u00e9matiques-statistiques \u00e0 l&#39;aide de SCHUFA Holding AG, Komoranweg 5, 65201 Wiesbaden. Pour ce faire, nous transf\u00e9rons les donn\u00e9es personnelles requises pour une v\u00e9rification de cr\u00e9dit et utilisons les informations re\u00e7ues sur la probabilit\u00e9 statistique d&#39;un d\u00e9faut pour prendre une d\u00e9cision \u00e9quilibr\u00e9e sur le raisonnement, la mise en \u0153uvre et l&#39;arr\u00eat de la relation contractuelle. Le rapport de cr\u00e9dit peut inclure des valeurs de probabilit\u00e9 (valeurs de score) qui sont calcul\u00e9es sur la base de m\u00e9thodes math\u00e9matiques-statistiques scientifiquement accept\u00e9es et qui incluent, entre autres, des donn\u00e9es d&#39;adresse dans le calcul. Vos int\u00e9r\u00eats dignes de protection sont pris en compte conform\u00e9ment aux dispositions l\u00e9gales. Le traitement des donn\u00e9es sert \u00e0 v\u00e9rifier le cr\u00e9dit pour l&#39;ouverture d&#39;un contrat. Le traitement est effectu\u00e9 sur la base du type. 6 (1) allum\u00e9. f GDPR hors de l&#39;int\u00e9r\u00eat l\u00e9gitime dans la protection contre le d\u00e9faut si nous allons \u00e0 l&#39;avance. <strong><em>Vous avez le droit de s&#39;y opposer \u00e0 tout moment pour des raisons d\u00e9coulant de votre situation particuli\u00e8re. 6 (1) allum\u00e9. f Le traitement \u00e0 base de GDPR des donn\u00e9es personnelles vous concernant en nous notifiant.<\/em><\/strong> La fourniture des donn\u00e9es est n\u00e9cessaire pour la conclusion du contrat avec le mode de paiement dont vous avez besoin. Le d\u00e9faut de fournir signifie que le contrat ne peut pas \u00eatre conclu avec la m\u00e9thode de paiement que vous avez choisie. Utilisati<\/p>\n<p><strong>on des donn\u00e9es personnelles lors du choix de Klarna comme mode de paiement Si vous<\/strong><br \/> avez opt\u00e9 pour les services de paiement de Klarna Klarna Invoice et\/ou Klarna payment purchase as a payment option, vous avez convenu que nous utiliserons le paiement l&#39;achat de la facture et d&#39;une v\u00e9rification d&#39;identit\u00e9 et de cr\u00e9dit, les donn\u00e9es personnelles suivantes telles que le pr\u00e9nom et le nom de famille, l&#39;adresse, la date de naissance, le sexe, l&#39;adresse e-mail, l&#39;adresse IP, le num\u00e9ro de t\u00e9l\u00e9phone et les donn\u00e9es personnelles n\u00e9cessaires au traitement de l&#39;achat de la facture Donn\u00e9es relatives \u00e0 l&#39;ordre d&#39;achat, telles que le nombre d&#39;articles, le num\u00e9ro d&#39;article, le montant de la facture et les taxes en pourcentage, collect\u00e9s et transmis \u00e0 Klarna. Le but de l&#39;offre de l&#39;achat de facture et d&#39;achat de provision de modes de paiement ainsi que le contr\u00f4le de cr\u00e9dit n\u00e9cessaire est d&#39;offrir les m\u00e9thodes de paiement d&#39;achat de facture et d&#39;achat de provision. Le traitement est effectu\u00e9 sur la base du type. 6 (1) allum\u00e9. un GDPR avec votre consentement. Vous pouvez r\u00e9voquer votre consentement \u00e0 tout moment en nous avisant, sans affecter la l\u00e9galit\u00e9 du traitement effectu\u00e9 sur la base du consentement jusqu&#39;\u00e0 la r\u00e9vocation. <br \/>Ces donn\u00e9es sont transf\u00e9r\u00e9es afin que Klarna puisse cr\u00e9er une facture et effectuer une v\u00e9rification d&#39;identit\u00e9 et de cr\u00e9dit pour traiter votre achat avec le traitement de facture que vous souhaitez. Klarna a besoin des donn\u00e9es personnelles de l&#39;acheteur afin d&#39;obtenir des informations aupr\u00e8s des agences d&#39;information d&#39;affaires aux fins de v\u00e9rification de l&#39;identit\u00e9 et du cr\u00e9dit. En Allemagne, il peut s&#39;agit des agences d&#39;information commerciale suivan<br \/>tes :- Schufa Holding AG, Kormoranweg 5, 65203 Wiesba<br \/>den- B.Rgel Wirtschaftsinformationen GmbH &#8211; Co. KG, P.O. Box 5001 66, 22701 Hambourg<br \/>&#8211; Creditreform Br\u00eame Seddig KG, Contrescarpe 17, 28203 Br\u00eame- in<br \/>foscore Consumer Data GmbH, Rheinstra-e 99, 76532 Baden-Baden.Im le <br \/>cadre de la d\u00e9cision \u00e9tablissant, mettant en \u0153uvre ou mettant fin \u00e0 la relation contractuelle En plus d&#39;une v\u00e9rification d&#39;adresse, Klarna recueille et utilise \u00e9galement des informations sur le comportement de paiement pr\u00e9c\u00e9dent de l&#39;acheteur ainsi que des valeurs de probabilit\u00e9 pour ce comportement \u00e0 l&#39;avenir. Le calcul de ces valeurs de score par Klarna est effectu\u00e9 sur la base d&#39;une m\u00e9thode math\u00e9matique-statistique scientifiquement reconnue. \u00c0 cette fin, Klarna utilisera \u00e9galement vos donn\u00e9es d&#39;adresse. Si ce calcul montre que votre solvabilit\u00e9 n&#39;est pas donn\u00e9e, Klarna vous en informera imm\u00e9diatement. R\u00e9vocation<\/p>\n<p><strong> de l&#39;utilisation de donn\u00e9es personnelles contre Klarna <\/strong><br \/>1. Vous pouvez r\u00e9voquer votre consentement \u00e0 l&#39;utilisation des donn\u00e9es personnelles \u00e0 Klarna \u00e0 tout moment. Toutefois, Klarna peut conserver le droit de traiter, d&#39;utiliser et de transmettre les donn\u00e9es \u00e0 caract\u00e8re personnel, dans la mesure o\u00f9 cela est n\u00e9cessaire pour le traitement contractuel des paiements par les services de Klarna, est l\u00e9galement requis, ou est requis par un tribunal ou une autorit\u00e9.<br \/>2. Bien s\u00fbr, vous pouvez toujours obtenir des informations sur les donn\u00e9es personnelles stock\u00e9es par Klarna. Ce droit est garanti par la Loi f\u00e9d\u00e9rale sur la protection des donn\u00e9es. Si vous en tant qu&#39;acheteur souhaitez le faire ou si vous souhaitez informer Klarna de toute modification des donn\u00e9es stock\u00e9es, vous pouvez contacter datenschutz@klarna.de. L&#39;<\/p>\n<p><strong>utilisation des transac<\/strong><br \/>tions PayPalAll PayPal est soumise \u00e0 la politique de confidentialit\u00e9 PayPal. Ceux-ci peuvent \u00eatre trou<a href=\"https:\/\/www.paypal.com\/de\/webapps\/mpp\/ua\/privacy-prev?locale.x=de_DE\" target=\"_blank\" rel=\"noopener noreferrer\">v\u00e9s sous https:\/\/www.paypal.com\/de\/webapps\/mpp\/ua\/privacy-prev?locale.x=de<\/a><\/p>\n<p><strong>_DECookie<\/strong><br \/>s Notre site Web utilise des cookies. Les cookies sont de petits fichiers texte qui sont utilis\u00e9s dans le navigateur Internet ou par le navigateur Internet sur le syst\u00e8me informatique d&#39;un utilisateur. Lorsqu&#39;un utilisateur appelle un site Web, un cookie peut \u00eatre stock\u00e9 sur le syst\u00e8me d&#39;exploitation de l&#39;utilisateur. Ce cookie contient une cha\u00eene caract\u00e9ristique qui permet au navigateur d&#39;\u00eatre identifi\u00e9 de fa\u00e7on unique lorsque le site Web est rappel\u00e9. Nous utilisons des cookies pour rendre notre offre plus conviviale, efficace et s\u00e9curis\u00e9e. Les cookies permettent \u00e9galement \u00e0 nos syst\u00e8mes de reconna\u00eetre votre navigateur m\u00eame apr\u00e8s un changement de page et de vous offrir des services. Certaines fonctions de notre site Web ne peuvent pas \u00eatre offertes sans l&#39;utilisation de cookies. Pour ceux-ci, il est n\u00e9cessaire que le navigateur est reconnu m\u00eame apr\u00e8s un changement de page. Le<\/p>\n<p> traitement est effectu\u00e9 sur la base de l&#39;article 15 (3) TMG et Art. 6 (1) allum\u00e9. f GDPR pour l&#39;int\u00e9r\u00eat l\u00e9gitime dans les buts mentionn\u00e9s ci-dessus. <br \/>Les donn\u00e9es recueillies par vous de cette fa\u00e7on seront pseudonymes par des pr\u00e9cautions techniques. Il n&#39;est donc plus possible d&#39;attribuer les donn\u00e9es \u00e0 votre personne. Les donn\u00e9es ne seront pas stock\u00e9es par vous avec d&#39;autres donn\u00e9es personnelles.<br \/><strong><em> Vous avez le droit \u00e0 tout moment pour des raisons d\u00e9coulant de votre situation particuli\u00e8re. 6 (1) f Le traitement \u00e0 base de GDPR des donn\u00e9es personnelles vous concernant. Les co<\/em><\/strong><br \/>okies sont stock\u00e9s sur votre ordinateur. Par cons\u00e9quent, vous avez le plein contr\u00f4le sur l&#39;utilisation des cookies. En s\u00e9lectionnant les param\u00e8tres techniques appropri\u00e9s dans votre navigateur Internet, vous pouvez emp\u00eacher le stockage des cookies et la transmission des donn\u00e9es contenues. Les cookies qui ont d\u00e9j\u00e0 \u00e9t\u00e9 enregistr\u00e9s peuvent \u00eatre supprim\u00e9s \u00e0 tout moment. Cependant, nous tenons \u00e0 souligner que vous ne pouvez pas \u00eatre en mesure d&#39;utiliser toutes les fonctions de ce site dans toute la mesure. So<br \/>us les liens ci-dessous, vous pouvez savoir comment g\u00e9rer les cookies sur les navigateurs les plus importants (par exemple. \u00e9galement d\u00e9sactiver): Nav<br \/>igateur Chrome: <a href=\"https:\/\/support.google.com\/accounts\/answer\/61416?hl=de\" target=\"_blank\" rel=\"noopener noreferrer\">https:\/\/support.google.com\/accounts\/answer\/61416?hl=de<\/a><br \/>Internet Explorer: <a href=\"https:\/\/support.microsoft.com\/de-de\/help\/17442\/windows-internet-explorer-delete-manage-cookies\" target=\"_blank\" rel=\"noopener noreferrer\">https:\/\/support.microsoft.com\/de-de\/help\/17442\/windows-internet-explorer-delete-manage-cookies<\/a><br \/>Mozilla Firefox: <a href=\"https:\/\/support.mozilla.org\/de\/kb\/cookies-erlauben-und-ablehnen\" target=\"_blank\" rel=\"noopener noreferrer\">https:\/\/support.mozilla.org\/de\/kb\/cookies-erlauben-und-ablehnen<\/a><br \/>Safari: <a href=\"https:\/\/support.apple.com\/de-de\/guide\/safari\/manage-cookies-and-website-data-sfri11471\/mac\" target=\"_blank\" rel=\"noopener noreferrer\">https:\/\/support.apple.com\/de-de\/guide\/safari\/manage-cookies-and-website-data-sfri11471\/mac<\/a><br \/>\u00a0<\/p>\n<div><strong>La solution de caisse est four<\/strong><br \/>nie par Klarna AB (Sveav\u00f4gen 46, 111 34 Stockholm, Su\u00e8de) et utilise des cookies pour vous fournir une exp\u00e9rience en ligne id\u00e9ale adapt\u00e9e \u00e0 vos besoins lors de l&#39;utilisation de la caisse. Le traitement est effectu\u00e9 sur la base du type. 6 (1) allum\u00e9. un GDPR avec votre consentement. Vous pouvez r\u00e9voquer votre consentement \u00e0 tout moment sans affecter la l\u00e9galit\u00e9 du traitement effectu\u00e9 sur la base du consentement jusqu&#39;\u00e0 la r\u00e9vocation. Pour ce faire, vous pouvez emp\u00eacher le stockage des cookies en s\u00e9lectionnant les param\u00e8tres techniques appropri\u00e9s de votre logiciel de navigateur ; cependant, nous tenons \u00e0 souligner que dans ce cas, vous ne pouvez pas \u00eatre en mesure d&#39;utiliser toutes les fonctions de ce site dans toute la mesure.\u00a0<br \/>Une liste d\u00e9taill\u00e9e des cookies et une explication de leur but respectif peuvent \u00eatre trouv\u00e9es ici h<a href=\"https:\/\/cdn.klarna.com\/1.0\/shared\/content\/policy\/cookie\/de_at\/checkout.pdf\" target=\"_blank\" rel=\"noopener noreferrer\">ttps:\/\/cdn.klarna.com\/1.0\/shared\/content\/policy\/cookie\/de_at\/checkout.pdf<\/a>.<br \/>\u00a0<\/div>\n<p><strong>Dur\u00e9e du stockageApr<\/strong><br \/>\u00e8s le traitement complet des contrats, les donn\u00e9es sont d&#39;abord stock\u00e9es pendant toute la dur\u00e9e de la p\u00e9riode de garantie, puis en tenant compte des p\u00e9riodes de conservation l\u00e9gales, en particulier le droit fiscal et commercial, puis stock\u00e9es apr\u00e8s p\u00e9riode d&#39;expiration si vous n&#39;avez pas consenti \u00e0 un traitement et \u00e0 une utilisation ult\u00e9<\/p>\n<p><strong>rieures. Droits des donn\u00e9es s<\/strong><br \/>oumettreVous aux droits suivants selon l&#39;art, si les exigences l\u00e9gales sont remplies. 15 \u00e0 20 GDPR \u00e0: Droit \u00e0 l&#39;information, \u00e0 la rectification, \u00e0 la suppression, \u00e0 la restriction du traitement, \u00e0 l<br \/>a portabilit\u00e9 des donn\u00e9es. 21 (1) GDPR a un droit d&#39;objection au traitement, qui est bas\u00e9 sur l&#39;art. 6 (1) f GDPR, ainsi que contre le traitement aux fins de marketing direct<\/p>\n<p>. Contactez-nous sur demande. Les coordonn\u00e9es se trouvent dans notre empreinte. Droits de <\/p>\n<p><strong>plainte aupr\u00e8s de l&#39;autorit\u00e9 de surveillanceVous a<\/strong><br \/>vez conform\u00e9ment \u00e0 l&#39;art. 77 GDPR a le droit de porter plainte aupr\u00e8s de l&#39;autorit\u00e9 de surveillance si vous pensez que le traitement de vos donn\u00e9es personnelles n&#39;est pas l\u00e9gal. D<\/p>\n<p><strong>roit d&#39;objectio<\/strong><br \/>nBas\u00e9 sur le traitement des donn\u00e9es personnelles \u00e9num\u00e9r\u00e9s ici sur la base de notre int\u00e9r\u00eat l\u00e9gitime selon l&#39;art. 6 ABS. 1 allum\u00e9. f GDPR, vous avez le droit de vous opposer \u00e0 ces op\u00e9rations de traitement \u00e0 tout moment avec effet pour l&#39;avenir pour des raisons d\u00e9coulant de votre situation particuli\u00e8<br \/>re. Une fois l&#39;objection formul\u00e9e, le traitement des donn\u00e9es concern\u00e9es sera r\u00e9sili\u00e9, \u00e0 moins que nous ne puissions prouver des motifs l\u00e9gitimes imp\u00e9rieux pour le traitement qui l&#39;emportent sur vos int\u00e9r\u00eats, vos droits et vos libert\u00e9s, ou si le traitement de la r\u00e9clamation, l&#39;exercice ou la d\u00e9fense des r\u00e9clamations l\u00e9gales. Si<\/p>\n<p> le traitement des donn\u00e9es personnelles est effectu\u00e9 \u00e0 des fins de marketing direct, vous pouvez vous opposer \u00e0 ce traitement \u00e0 tout moment en nous informant. Apr\u00e8s une protestation, nous mettrons fin au traitement des donn\u00e9es concern\u00e9es aux fins de marketing direct<\/p>\n<p>.derni\u00e8re mise \u00e0 jour: 25.04.2018<\/p>\n","protected":false},"excerpt":{"rendered":"<p>Politique de con fidentialit\u00e9Sauf autrement fourni ci-dessous, la fourniture de vos donn\u00e9es personnelles n&#39;est ni requise par la loi ou le contrat, ni requise pour la conclusion d&#39;un contrat. Vous n&#39;\u00eates pas oblig\u00e9 de fournir les donn\u00e9es. Il n&#39;y a pas de cons\u00e9quences pour le non-provisionnement. Cela ne s&#39;applique que dans la mesure o\u00f9 aucune &#8230; <a title=\"Confidentialit\u00e9 et confidentialit\u00e9\" class=\"read-more\" href=\"https:\/\/heureka-trade.de\/index.php\/language\/fr\/politique-de-confidentialite\/\" aria-label=\"Mehr Informationen \u00fcber Confidentialit\u00e9 et confidentialit\u00e9\">Weiterlesen<\/a><\/p>\n","protected":false},"author":1,"featured_media":0,"parent":0,"menu_order":0,"comment_status":"closed","ping_status":"closed","template":"","meta":{"footnotes":""},"class_list":["post-190","page","type-page","status-publish"],"_links":{"self":[{"href":"https:\/\/heureka-trade.de\/index.php\/wp-json\/wp\/v2\/pages\/190","targetHints":{"allow":["GET"]}}],"collection":[{"href":"https:\/\/heureka-trade.de\/index.php\/wp-json\/wp\/v2\/pages"}],"about":[{"href":"https:\/\/heureka-trade.de\/index.php\/wp-json\/wp\/v2\/types\/page"}],"author":[{"embeddable":true,"href":"https:\/\/heureka-trade.de\/index.php\/wp-json\/wp\/v2\/users\/1"}],"replies":[{"embeddable":true,"href":"https:\/\/heureka-trade.de\/index.php\/wp-json\/wp\/v2\/comments?post=190"}],"version-history":[{"count":0,"href":"https:\/\/heureka-trade.de\/index.php\/wp-json\/wp\/v2\/pages\/190\/revisions"}],"wp:attachment":[{"href":"https:\/\/heureka-trade.de\/index.php\/wp-json\/wp\/v2\/media?parent=190"}],"curies":[{"name":"wp","href":"https:\/\/api.w.org\/{rel}","templated":true}]}}