{"id":191,"date":"2019-08-21T10:23:26","date_gmt":"2019-08-21T10:23:26","guid":{"rendered":"https:\/\/heureka-trade.de\/WP\/?page_id=3"},"modified":"2019-08-21T10:23:26","modified_gmt":"2019-08-21T10:23:26","slug":"informativa-sulla-privacy","status":"publish","type":"page","link":"https:\/\/heureka-trade.de\/index.php\/language\/it\/informativa-sulla-privacy\/","title":{"rendered":"Privacy e privacy"},"content":{"rendered":"<p><strong>Informativa sulla pr<\/strong><\/p>\n<p>ivacy, indipendentemente dal fatto che non sia stata fornita di seguito, la fornitura dei tuoi dati personali non \u00e8 n\u00e9 richiesta dalla legge o dal contratto n\u00e9 da richiesta per la conclusione di un contratto. Non sei obbligato a fornire i dati. Non ci sono conseguenze per il non provisioning. Ci\u00f2 si applica solo nella misura in cui non sono previste altre informazioni per le successive operazio<br \/>ni di trattamento. &quot;Dati personali&quot; significa qualsiasi informazione relativa a una persona naturale identificata o identificabile.<br \/>\u00a0<\/p>\n<div><strong>File di registro del server<\/strong><\/div>\n<div>\u00c8 possibile visitare i nostri siti Web senza fornire alcuna informazione personale.\u00a0<\/div>\n<div>Ogni volta che si accede al nostro sito web, i dati di utilizzo vengono trasmessi a noi o al nostro web host \/ fornitore di servizi IT attraverso il browser internet e memorizzati in dati di registro (i cosiddetti file di registro del server). Questi dati memorizzati includono, ad esempio, il nome della pagina a cui si accede, la data e l&#39;ora del recupero, l&#39;indirizzo IP, la quantit\u00e0 di dati trasferiti e il provider richiedente. Il trattamento viene effettuato sulla base del tipo. paragrafo 6 1 lit. f GDPR di legittimo interesse a garantire il funzionamento senza problemi del nostro sito web, nonch\u00e9 al fine di migliorare la nostra offerta.\u00a0<br \/>\u00a0<\/div>\n<p><strong>Raccolta ed elaborazione quando si utilizza il modulo di<\/strong><br \/> contatto Quando si utilizza il modulo di contatto, raccogliamo i tuoi dati personali (nome, indirizzo e-mail, corpo del messaggio) solo nella misura in cui fornisci. Lo scopo del trattamento dei dati \u00e8 quello di contattarli. Inviando il tuo messaggio, acconsenti al trattamento dei dati trasmessi. Il trattamento viene effettuato sulla base del tipo. 6 (1) illuminato. un GDPR con il tuo consenso<br \/>. Puoi revocare il tuo consenso in qualsiasi momento notificandoci, senza influire sulla legalit\u00e0 del trattamento effettuato sulla base del consenso fino alla revoca. Utilizziamo il tuo indirizzo e-mail solo per elaborare la tua richiesta. I tuoi dati verranno quindi cancellati se non hai acconsentito a ulteriori elaborazioni e utilizzi. Account client<\/p>\n<p><strong>eAll&#39;apertu<\/strong><br \/>ra di un account cliente, raccogliamo i tuoi dati personali nella misura in cui sono stati specificati. L&#39;elaborazione dei dati \u00e8 progettata per migliorare la tua esperienza di acquisto e semplificare l&#39;elaborazione degli ordini. Il trattamento viene effettuato sulla base del tipo. 6 (1) illuminato. un GDPR con il tuo consenso. L&#39;utente pu\u00f2 revocare il consenso in qualsiasi momento comunicandoci, senza influire sulla legalit\u00e0 del trattamento effettuato sulla base del consenso fino alla revoca. Il tuo account cliente verr\u00e0 quindi eliminato.<br \/>\u00a0<\/p>\n<div><strong>Raccolta, trattamento e trasferimento di dati personali sugli ordini<\/strong><\/div>\n<div>Quando effettuiamo un ordine, raccogliamo ed elaboriamo i tuoi dati personali solo nella misura in cui ci\u00f2 sia necessario per l&#39;adempimento e l&#39;elaborazione del tuo ordine, nonch\u00e9 per l&#39;elaborazione delle tue richieste. La fornitura dei dati \u00e8 necessaria per la conclusione del contratto. La mancata emissione significa che nessun contratto pu\u00f2 essere concluso. Il trattamento viene effettuato sulla base del tipo. paragrafo 6 1 lit. b GDPR ed \u00e8 necessario per l&#39;esecuzione di un contratto con l&#39;utente.\u00a0<\/div>\n<div>I tuoi dati saranno trasmessi, ad esempio, alle compagnie di navigazione e ai fornitori di dropshipping, ai fornitori di servizi di pagamento, ai fornitori di servizi per l&#39;elaborazione degli ordini e ai fornitori di servizi IT. In tutti i casi, osserviamo rigorosamente i requisiti legali. L&#39;ambito di trasmissione dei dati \u00e8 limitato al minimo.<br \/>\u00a0<\/div>\n<p><strong>Uso dell&#39;indirizzo e-mail per l&#39;invio di newsletterUtilizziamo i<\/strong><br \/>l tuo indirizzo e-mail per la newsletter per la newsletter, indipendentemente dall&#39;elaborazione del contratto, solo per i tuoi scopi pubblicitari, se hai espressamente accettato. Il trattamento viene effettuato sulla base del tipo. 6 (1) illuminato. un GDPR con il tuo consenso. \u00c8 possibile revocare il consenso in qualsiasi momento senza influire sulla legalit\u00e0 del trattamento effettuato sulla base del consenso fino alla revoca. Puoi annullare l&#39;iscrizione alla newsletter in qualsiasi momento utilizzando il link corrispondente nella newsletter o inviandoci un messaggio. Il tuo indirizzo e-mail verr\u00e0 quindi rimosso dal Maileman.\u00a0<\/p>\n<p><strong>Ritiro ed elaborazione dei dati durante il controllo del credito s<\/strong><br \/>e si effettuano pagamenti anticipati, ad esempio Ad esempio, nel caso di pagamento tramite fattura o addebito diretto, ci riserviamo il diritto, se applicabile, di ottenere informazioni di credito sulla base di procedure matematiche-statistiche utilizzando SCHUFA Holding AG, Komoranweg 5, 65201 Wiesbaden. A tale scopo, trasferiamo i dati personali necessari per una verifica del credito e utilizziamo le informazioni ricevute sulla probabilit\u00e0 statistica di un default per prendere una decisione equilibrata sul ragionamento, l&#39;attuazione e cessazione del rapporto contrattuale. Il rapporto di credito pu\u00f2 includere valori di probabilit\u00e0 (valori di punteggio) che sono calcolati sulla base di metodi matematici-statistici scientificamente accettati e che includono, tra le altre cose, i dati di indirizzo nel calcolo. I vostri interessi degni di tutela sono presi in considerazione in conformit\u00e0 con le disposizioni di legge. Il trattamento dei dati serve allo scopo di verificare il credito per l&#39;avvio di un contratto. Il trattamento viene effettuato sulla base del tipo. 6 (1) illuminato. F GDPR fuori dal legittimo interesse per la protezione contro il default se andiamo in anticipo. <strong><em>Avete il diritto di non farlo in qualsiasi momento per motivi derivanti dalla vostra situazione particolare. 6 (1) illuminato. f Elaborazione basata sul GDPR dei dati personali che ti riguardano inviandoci una notifica.<\/em><\/strong> La fornitura dei dati \u00e8 necessaria per la conclusione del contratto con il metodo di pagamento richiesto. La mancata provvedere significa che il contratto non pu\u00f2 essere concluso con il metodo di pagamento scelto. Utilizzo <\/p>\n<p><strong>dei dati personali nella scelta di Klarna come metodo di pagamento Se avete<\/strong><br \/> optato per i servizi di pagamento di Klarna Klarna Fattura e\/o Klarna rata acquisto come opzione di pagamento, avete concordato che useremo il pagamento l&#39;acquisto della fattura e una verifica dell&#39;identit\u00e0 e del credito, i seguenti dati personali come nome e cognome, indirizzo, data di nascita, sesso, indirizzo e-mail, indirizzo IP, numero di telefono e i dati personali necessari per l&#39;elaborazione dell&#39;acquisto della fattura Dati relativi all&#39;ordine fornitore, ad esempio il numero di articoli, il numero di articolo, l&#39;importo della fattura e le imposte in percentuale, raccolti e trasmessi a Klarna. Lo scopo dell&#39;offerta dei metodi di pagamento fattura acquisto e rata acquisto nonch\u00e9 la verifica del credito necessaria \u00e8 allo scopo di offrire i metodi di pagamento fattura acquisto e rata acquisto. Il trattamento viene effettuato sulla base del tipo. 6 (1) illuminato. un GDPR con il tuo consenso. L&#39;utente pu\u00f2 revocare il consenso in qualsiasi momento comunicandoci, senza influire sulla legalit\u00e0 del trattamento effettuato sulla base del consenso fino alla revoca. Q<br \/>uesti dati vengono trasferiti in modo che Klarna possa creare una fattura ed eseguire una verifica dell&#39;identit\u00e0 e del credito per elaborare l&#39;acquisto con l&#39;elaborazione della fattura desiderata. Klarna ha bisogno dei dati personali dell&#39;acquirente per ottenere informazioni dalle agenzie di informazione aziendale ai fini dell&#39;identit\u00e0 e del credito che vale la pena controllare. In Germania, queste possono essere le seguenti agenzie di informazione azi<br \/>endale:- Schufa Holding AG, Kormoranweg 5, 65203 Wiesba<br \/>den- B&#39;rgel Wirtschaftsinformationen GmbH &amp; Co. KG, P.O. Box 5001 66, 22701 Amburg<br \/>o- Creditreform Bremen Seddig KG, Contrescarpe 17, 28203 Brem<br \/>en- infoscore Consumer Data GmbH, Rheinstrae 99, 76532 Baden-Bad<br \/>en.Im il quadro della decisione che stabilisce, attua o termina la relazione contrattuale Oltre a un controllo dell&#39;indirizzo, Klarna raccoglie e utilizza anche informazioni sul comportamento di pagamento precedente dell&#39;acquirente e sui valori di probabilit\u00e0 per questo comportamento in futuro. Il calcolo di questi valori di punteggio da klarna viene effettuato sulla base di un metodo matematico-statistico scientificamente riconosciuto. A tale scopo, Klarna utilizzer\u00e0 anche i dati dell&#39;indirizzo. Se questo calcolo dimostra che la tua solvibilit\u00e0 non \u00e8 data, Klarna ti informer\u00e0 immediatamente.<\/p>\n<p><strong> Revoca dell&#39;uso dei dati personali contro Klarna <\/strong><br \/>1. Puoi revocare il tuo consenso all&#39;uso dei dati personali a Klarna in qualsiasi momento. Tuttavia, Klarna pu\u00f2 conservare il diritto di trattare, utilizzare e trasmettere i dati personali, nella misura in cui ci\u00f2 sia necessario per il trattamento contrattuale dei pagamenti da parte dei servizi di Klarna, \u00e8 legalmente richiesto, o \u00e8 richiesto da un tribunale o un&#39;autorit\u00e0.<br \/>2. Naturalmente, \u00e8 sempre possibile ottenere informazioni sui dati personali memorizzati da Klarna. Questo diritto \u00e8 garantito dalla legge federale sulla protezione dei dati. Se l&#39;acquirente desidera farlo o se si desidera notificare a Klarna eventuali modifiche ai dati memorizzati, \u00e8 possibile contattare datenschutz@klarna.de. L&#39;u<\/p>\n<p><strong>so delle transazioni<\/strong><br \/> PayPalAll PayPal \u00e8 soggetto all&#39;Informativa sulla privacy di PayPal. Questi possono essere tro<a href=\"https:\/\/www.paypal.com\/de\/webapps\/mpp\/ua\/privacy-prev?locale.x=de_DE\" target=\"_blank\" rel=\"noopener noreferrer\">vati sotto https:\/\/www.paypal.com\/de\/webapps\/mpp\/ua\/privacy-prev?locale.x=de_<\/a><\/p>\n<p><strong>DECookies<\/strong><br \/> Il nostro sito web utilizza i cookie. I cookie sono piccoli file di testo che vengono utilizzati nel browser Internet o memorizzati dal browser Internet sul sistema informatico di un utente. Quando un utente accede a un sito web, un cookie pu\u00f2 essere memorizzato sul sistema operativo dell&#39;utente. Questo cookie contiene una stringa caratteristica che consente al browser di essere identificato in modo univoco quando si visita nuovamente il sito web. Utilizziamo i cookie per rendere la nostra offerta pi\u00f9 user-friendly, efficace e sicura. I cookie consentono inoltre ai nostri sistemi di riconoscere il tuo browser anche dopo un cambio di pagina e di offrirti servizi. Alcune funzioni del nostro sito web non possono essere offerte senza l&#39;uso di cookie. Per questi, \u00e8 necessario che il browser venga riconosciuto anche dopo un cambio di pagina. La trasform<\/p>\n<p>azione viene effettuata sulla base dell&#39;Sezione 15 (3) TMG e dell&#39;Art. 6 (1) illuminato. f GDPR per il legittimo i<br \/>nteresse per gli scopi di cui sopra. Non \u00e8 quindi pi\u00f9 possibile assegnare i dati alla persona. I dati non saranno memorizzati dall&#39;utente insieme ad altri dati personali. H<br \/><strong><em>ai il diritto in qualsiasi momento per motivi derivanti dalla tua situazione particolare. 6 (1) f Elaborazione basata sul GDPR dei dati personali che vi riguardano. I co<\/em><\/strong><br \/>okie vengono memorizzati sul computer. Pertanto, hai il pieno controllo sull&#39;uso dei cookie. Selezionando le impostazioni tecniche appropriate nel browser Internet, \u00e8 possibile impedire la memorizzazione dei cookie e la trasmissione dei dati contenuti. I cookie che sono gi\u00e0 stati salvati possono essere eliminati in qualsiasi momento. Tuttavia, vorremmo sottolineare che potresti non essere in grado di utilizzare tutte le funzioni di questo sito web nella m<br \/>isura massima. Sotto i link qui sotto puoi scoprire come gestire i cookie sui browser pi\u00f9 importanti (ad es. anche disabilitare): Brow<br \/>ser Chrome: http<a href=\"https:\/\/support.google.com\/accounts\/answer\/61416?hl=de\" target=\"_blank\" rel=\"noopener noreferrer\">s:\/\/support.google.com\/accounts\/answer\/61416?hl=deInt<\/a><br \/>ernet Explorer: htt<a href=\"https:\/\/support.microsoft.com\/de-de\/help\/17442\/windows-internet-explorer-delete-manage-cookies\" target=\"_blank\" rel=\"noopener noreferrer\">ps:\/\/support.microsoft.com\/de-de\/help\/17442\/windows-internet-explorer-delete-manage-cookiesMo<\/a><br \/>zilla Firefox: ht<a href=\"https:\/\/support.mozilla.org\/de\/kb\/cookies-erlauben-und-ablehnen\" target=\"_blank\" rel=\"noopener noreferrer\">tps:\/\/support.mozilla.org\/de\/kb\/cookies-erlauben-und-ablehnenS<\/a><br \/>afari: h<a href=\"https:\/\/support.apple.com\/de-de\/guide\/safari\/manage-cookies-and-website-data-sfri11471\/mac\" target=\"_blank\" rel=\"noopener noreferrer\">ttps:\/\/support.apple.com\/de-de\/guide\/safari\/manage-cookies-and-website-data-sfri11471\/mac<\/a><br \/>\u00a0<\/p>\n<div><strong>La soluzione di checkout \u00e8 fo<\/strong><br \/>rnita da Klarna AB (Sveav\u00e0gen 46, 111 34 Stoccolma, Svezia) e utilizza i cookie per offrirti un&#39;esperienza online ideale su misura per le tue esigenze quando utilizzi il checkout. Il trattamento viene effettuato sulla base del tipo. 6 (1) illuminato. un GDPR con il tuo consenso. \u00c8 possibile revocare il consenso in qualsiasi momento senza influire sulla legalit\u00e0 del trattamento effettuato sulla base del consenso fino alla revoca. A tale scopo, \u00e8 possibile impedire la memorizzazione dei cookie selezionando le impostazioni tecniche appropriate del software del browser; tuttavia, vorremmo sottolineare che in questo caso potresti non essere in grado di utilizzare tutte le funzioni di questo sito web in piena misura.\u00a0<br \/>Un elenco dettagliato dei cookie e una spiegazione del loro rispettivo scopo possono essere trovati qui<a href=\"https:\/\/cdn.klarna.com\/1.0\/shared\/content\/policy\/cookie\/de_at\/checkout.pdf\" target=\"_blank\" rel=\"noopener noreferrer\"> https:\/\/cdn.klarna.com\/1.0\/shared\/content\/policy\/cookie\/de_at\/checkout.pd<\/a>f.<br \/>\u00a0<\/div>\n<p><strong>Durata dell&#39;immagazzi<\/strong><br \/>namentoDopo l&#39;elaborazione completa del contratto, i dati vengono prima memorizzati per la durata del periodo di garanzia, quindi tenendo conto dei periodi di conservazione previsti dalla legge, in particolare del diritto tributario e commerciale, e quindi memorizzati dopo periodo di scadenza se non si \u00e8 acconsentito a ulteriori elaborazioni e uti<\/p>\n<p><strong>lizzi. Diritti dell&#39;interessat<\/strong><br \/>o dai dati\u00c8 ai seguenti diritti in base all&#39;art, se i requisiti legali sono soddisfatti. dal 15 al 20 dal GDPR al: diritto all&#39;informazione, alla rettifica, alla cancellazione, alla restrizione del trattamento<br \/>, alla portabilit\u00e0 dei dati. 21 (1) Il GDPR ha il diritto di obiezione alla trasformazione, che si basa sull&#39;art. 6 (1) f GDPR, cos\u00ec come contro l&#39;elaborazione ai fini del marketing dire<\/p>\n<p>tto. Contattaci su richiesta. I dati di contatto possono essere trovati nella nostra impronta<\/p>\n<p><strong>. I diritti di reclamo con l&#39;autorit\u00e0 di vigilanzaHa<\/strong><br \/>i in conformit\u00e0 con l&#39;art. 77 Il GDPR ha il diritto di presentare un reclamo all&#39;autorit\u00e0 di vigilanza se ritieni che il trattamento dei tuoi dati personali non sia lecito. Dirit<\/p>\n<p><strong>to di obiezione<\/strong><br \/>Basato sul trattamento dei dati personali qui elencato sulla base del nostro legittimo interesse secondo l&#39;art. paragrafo 6 1 lit. f GDPR, hai il diritto di opporti a queste operazioni di elaborazione in qualsiasi momento con effetto per il futuro per motivi derivanti dalla tua situazione particolare<br \/>. Dopo che l&#39;obiezione \u00e8 stata sollevata, il trattamento dei dati in questione sar\u00e0 terminato, a meno che non possiamo dimostrare motivi legittimi convincenti per il trattamento che superano i vostri interessi, diritti e libert\u00e0, o se il trattamento della rivendicazione, l&#39;esercizio o la difesa di rivendicazioni legali. Se il <\/p>\n<p>trattamento dei dati personali viene effettuato per scopi di marketing diretto, puoi opporti a questo trattamento in qualsiasi momento inviandoci una notifica. Dopo una protesta, termineremo il trattamento dei dati in questione ai fini del marketing diretto.u<\/p>\n<p>ltimo aggiornamento: 25.04.2018<\/p>\n","protected":false},"excerpt":{"rendered":"<p>Informativa sulla pr ivacy, indipendentemente dal fatto che non sia stata fornita di seguito, la fornitura dei tuoi dati personali non \u00e8 n\u00e9 richiesta dalla legge o dal contratto n\u00e9 da richiesta per la conclusione di un contratto. Non sei obbligato a fornire i dati. Non ci sono conseguenze per il non provisioning. Ci\u00f2 si &#8230; <a title=\"Privacy e privacy\" class=\"read-more\" href=\"https:\/\/heureka-trade.de\/index.php\/language\/it\/informativa-sulla-privacy\/\" aria-label=\"Mehr Informationen \u00fcber Privacy e privacy\">Weiterlesen<\/a><\/p>\n","protected":false},"author":1,"featured_media":0,"parent":0,"menu_order":0,"comment_status":"closed","ping_status":"closed","template":"","meta":{"footnotes":""},"class_list":["post-191","page","type-page","status-publish"],"_links":{"self":[{"href":"https:\/\/heureka-trade.de\/index.php\/wp-json\/wp\/v2\/pages\/191","targetHints":{"allow":["GET"]}}],"collection":[{"href":"https:\/\/heureka-trade.de\/index.php\/wp-json\/wp\/v2\/pages"}],"about":[{"href":"https:\/\/heureka-trade.de\/index.php\/wp-json\/wp\/v2\/types\/page"}],"author":[{"embeddable":true,"href":"https:\/\/heureka-trade.de\/index.php\/wp-json\/wp\/v2\/users\/1"}],"replies":[{"embeddable":true,"href":"https:\/\/heureka-trade.de\/index.php\/wp-json\/wp\/v2\/comments?post=191"}],"version-history":[{"count":0,"href":"https:\/\/heureka-trade.de\/index.php\/wp-json\/wp\/v2\/pages\/191\/revisions"}],"wp:attachment":[{"href":"https:\/\/heureka-trade.de\/index.php\/wp-json\/wp\/v2\/media?parent=191"}],"curies":[{"name":"wp","href":"https:\/\/api.w.org\/{rel}","templated":true}]}}