{"id":192,"date":"2019-08-21T10:23:26","date_gmt":"2019-08-21T10:23:26","guid":{"rendered":"https:\/\/heureka-trade.de\/WP\/?page_id=3"},"modified":"2019-08-21T10:23:26","modified_gmt":"2019-08-21T10:23:26","slug":"polityka-prywatnosci","status":"publish","type":"page","link":"https:\/\/heureka-trade.de\/index.php\/language\/pl\/polityka-prywatnosci\/","title":{"rendered":"Prywatno\u015b\u0107 i prywatno\u015b\u0107"},"content":{"rendered":"<p><strong>Polityka prywat<\/strong><\/p>\n<p>nosci o ile poni\u017cej nie postanowiono inaczej, dostarczenie Twoich danych osobowych nie jest wymagane na mocy prawa lub umowy ani nie jest wymagane do zawarcia umowy. Nie jeste\u015b zobowi\u0105zany do dostarczenia danych. Nie ma \u017cadnych konsekwencji dla braku obs\u0142ugi administracyjnej. Ma to zastosowanie jedynie w zakresie, w jakim nie przewidziano innych informacji dotycz\u0105cych kolejnych operac<br \/>ji przetwarzania &quot;. Dane osobowe &quot;oznaczaj\u0105 wszelkie informacje dotycz\u0105ce zidentyfikowanej lub mo\u017cliwej do zidentyfikowania osoby fizycznej.<br \/>\u00a0<\/p>\n<div><strong>Pliki dziennik\u00f3w serwera<\/strong><\/div>\n<div>Mo\u017cesz odwiedzi\u0107 nasze strony internetowe, nie podaj\u0105c \u017cadnych danych osobowych.\u00a0<\/div>\n<div>Za ka\u017cdym razem, gdy uzyskujesz dost\u0119p do naszej strony internetowej, dane dotycz\u0105ce u\u017cytkowania s\u0105 przesy\u0142ane do nas lub naszego us\u0142ugodawcy internetowego\/dostawcy us\u0142ug IT za po\u015brednictwem przegl\u0105darki internetowej i przechowywane w danych dziennika (tzw. pliki dziennik\u00f3w serwera). Te przechowywane dane obejmuj\u0105 na przyk\u0142ad nazw\u0119 strony, do kt\u00f3rej uzyskano dost\u0119p, dat\u0119 i godzin\u0119 pobrania, adres IP, ilo\u015b\u0107 przesy\u0142anych danych oraz dostawc\u0119 wysy\u0142aj\u0105cego \u017c\u0105danie. Przetwarzanie odbywa si\u0119 na podstawie typu. 6 ust. 1 \u015bwieci si\u0119. f GDPR z uzasadnionego interesu w zapewnieniu bezproblemowej eksploatacji naszej strony internetowej, jak r\u00f3wnie\u017c w celu poprawy naszej oferty.\u00a0<br \/>\u00a0<\/div>\n<p><strong>Zbieranie i przetwarzanie danych podczas korzystania z formularza <\/strong><br \/>kontaktowego w przypadku korzystania z formularza kontaktowego zbieramy dane osobowe u\u017cytkownika (imi\u0119 i nazwisko, adres e-mail, tre\u015b\u0107 wiadomo\u015bci) tylko w zakresie, w jakim u\u017cytkownik zapewnia. Celem przetwarzania danych jest kontakt z nimi. Wysy\u0142aj\u0105c wiadomo\u015b\u0107, wyra\u017casz zgod\u0119 na przetwarzanie przesy\u0142anych danych. Przetwarzanie odbywa si\u0119 na podstawie typu. 6 (1) \u015bwieci. Rodo za Twoj\u0105 zgod\u0105. mo\u017cesz<br \/> w ka\u017cdej chwili odwo\u0142a\u0107 swoj\u0105 zgod\u0119, powiadamiaj\u0105c nas o tym, bez wp\u0142ywu na zgodno\u015b\u0107 z prawem przetwarzania przeprowadzonego na podstawie zgody do momentu odwo\u0142ania. Wykorzystujemy Tw\u00f3j adres e-mail tylko do przetwarzania Twojego zg\u0142oszenia. Twoje dane zostan\u0105 nast\u0119pnie usuni\u0119te, je\u015bli nie wyrazi\u0142e\u015b zgody na dalsze przetwarzanie i u\u017cytkowanie. Konto kli<\/p>\n<p><strong>enta podcz<\/strong><br \/>as otwierania konta klienta gromadzimy dane osobowe u\u017cytkownika w zakresie okre\u015blonym w tym dokumencie. Przetwarzanie danych ma na celu popraw\u0119 jako\u015bci zakup\u00f3w i uproszczenie przetwarzania zam\u00f3wie\u0144. Przetwarzanie odbywa si\u0119 na podstawie typu. 6 (1) \u015bwieci. Rodo za Twoj\u0105 zgod\u0105. U\u017cytkownik mo\u017ce odwo\u0142a\u0107 swoj\u0105 zgod\u0119 w dowolnym momencie, powiadamiaj\u0105c nas, bez wp\u0142ywu na zgodno\u015b\u0107 z prawem przetwarzania przeprowadzonego na podstawie zgody do momentu odwo\u0142ania. Twoje konto klienta zostanie nast\u0119pnie usuni\u0119te.<br \/>\u00a0<\/p>\n<div><strong>Gromadzenie, przetwarzanie i przekazywanie danych osobowych w zam\u00f3wieniach<\/strong><\/div>\n<div>Sk\u0142adaj\u0105c zam\u00f3wienie, zbieramy i przetwarzamy Twoje dane osobowe tylko w takim zakresie, w jakim jest to konieczne do realizacji i przetwarzania Twojego zam\u00f3wienia, a tak\u017ce do przetwarzania zapyta\u0144. Dostarczenie danych jest niezb\u0119dne do zawarcia umowy. Niedostarczenie oznacza, \u017ce nie mo\u017cna zawrze\u0107 umowy. Przetwarzanie odbywa si\u0119 na podstawie typu. 6 ust. 1 \u015bwieci si\u0119. b Rodo i jest wymagane do wykonania umowy z Tob\u0105.\u00a0<\/div>\n<div>Twoje dane zostan\u0105 przekazane na przyk\u0142ad firmom \u017ceglugowym i dostawcom Dropshipping, dostawcom us\u0142ug p\u0142atniczych, us\u0142ugodawcom w zakresie przetwarzania zam\u00f3wie\u0144 i dostawcom us\u0142ug IT. We wszystkich przypadkach \u015bci\u015ble przestrzegamy wymog\u00f3w prawnych. Zakres transmisji danych jest ograniczony do minimum.<br \/>\u00a0<\/div>\n<p><strong>Korzystanie z adresu e-mail do wysy\u0142ania newslettersWe U<\/strong><br \/>\u017cyj adresu e-mail do newslettera do newslettera, bez wzgl\u0119du na przetwarzanie umowy, tylko dla w\u0142asnych cel\u00f3w reklamowych, je\u015bli wyra\u017anie zgodzi\u0142y si\u0119 na to. Przetwarzanie odbywa si\u0119 na podstawie typu. 6 (1) \u015bwieci. Rodo za Twoj\u0105 zgod\u0105. U\u017cytkownik mo\u017ce w ka\u017cdej chwili odwo\u0142a\u0107 swoj\u0105 zgod\u0119, nie wp\u0142ywaj\u0105c na zgodno\u015b\u0107 z prawem przetwarzania przeprowadzonego na podstawie zgody do momentu odwo\u0142ania. W ka\u017cdej chwili mo\u017cesz zrezygnowa\u0107 z otrzymywania newslettera, korzystaj\u0105c z odpowiedniego linku w newsletterze lub wysy\u0142aj\u0105c do nas wiadomo\u015b\u0107. Tw\u00f3j adres e-mail zostanie usuni\u0119ty z Maileman.\u00a0<\/p>\n<p><strong>Gromadzenie i przetwarzanie danych podczas kontroli kred<\/strong><br \/>ytowej w przypadku zawarcia zaliczek, np. Na przyk\u0142ad w przypadku p\u0142atno\u015bci za pomoc\u0105 faktury lub polecenia zap\u0142aty Zastrzegamy sobie prawo, w stosownych przypadkach, do uzyska\u0107 informacje kredytowe na podstawie procedur matematycznych-statystycznych przy u\u017cyciu SCHUFA Holding AG, Komoranweg 5, 65201 Wiesbaden. Aby to zrobi\u0107, mo\u017cemy przenie\u015b\u0107 dane osobowe wymagane do kontroli kredytowej i wykorzystywa\u0107 otrzymane informacje na statystyczne prawdopodobie\u0144stwo domy\u015blnego do podj\u0119cia wywa\u017conej decyzji w sprawie rozumowania, realizacji i stosunku umownego. Raport kredytowy mo\u017ce zawiera\u0107 warto\u015bci prawdopodobie\u0144stwa (warto\u015bci punktowe) obliczane na podstawie naukowo przyj\u0119tych metod matematycznych i statystycznych, kt\u00f3re obejmuj\u0105 mi\u0119dzy innymi dane adresowe w obliczeniach. Interesy godne ochrony s\u0105 brane pod uwag\u0119 zgodnie z przepisami ustawowymi. Przetwarzanie danych s\u0142u\u017cy do cel\u00f3w kontroli kredytowej w celu wszcz\u0119cia umowy. Przetwarzanie odbywa si\u0119 na podstawie typu. 6 (1) \u015bwieci. f GDPR z uzasadnionego interesu w ochronie przed niewykonania, Je\u015bli idziemy z wyprzedzeniem. <strong><em>W ka\u017cdej chwili przys\u0142uguje Ci prawo, z przyczyn wynikaj\u0105cych z konkretnej sytuacji. 6 (1) \u015bwieci. f przetwarzanie w oparciu o Rodo danych osobowych dotycz\u0105cych u\u017cytkownika przez powiadamianie nas.<\/em><\/strong> Dostarczenie danych jest niezb\u0119dne do zawarcia umowy z metod\u0105 p\u0142atno\u015bci, jakiej potrzebujesz. Niedostarczenie oznacza, \u017ce umowa nie mo\u017ce zosta\u0107 zawarta z wybran\u0105 przez Ciebie metod\u0105 p\u0142atno\u015bci. Wyko<\/p>\n<p><strong>rzystywanie danych osobowych przy wyborze Klarna jako metody p\u0142at<\/strong><br \/>no\u015bci Je\u015bli wybra\u0142e\u015b us\u0142ugi p\u0142atnicze Klarna faktury Klarna i\/lub zakupu raty Klarna jako opcja p\u0142atno\u015bci, zgodzili si\u0119, \u017ce b\u0119dziemy korzysta\u0107 z p\u0142atno\u015bci zakup faktury oraz sprawdzenie to\u017csamo\u015bci i kredytu, nast\u0119puj\u0105ce dane osobowe, takie jak imi\u0119 i nazwisko, adres, Data urodzenia, p\u0142e\u0107, adres e-mail, adres IP, numer telefonu i dane osobowe niezb\u0119dne do przetworzenia zakupu faktury Dane zwi\u0105zane z zam\u00f3wieniem zakupu, takie jak liczba towar\u00f3w, numer zapasu, kwota faktury i podatki w procentach, zebrane i przekazane do Klarna. Celem oferty metod p\u0142atno\u015bci faktury zakupu i raty zakupu, jak r\u00f3wnie\u017c niezb\u0119dnej kontroli kredytowej jest w celu oferowania metod p\u0142atno\u015bci faktury zakupu i zakupu raty. Przetwarzanie odbywa si\u0119 na podstawie typu. 6 (1) \u015bwieci. Rodo za Twoj\u0105 zgod\u0105. U\u017cytkownik mo\u017ce odwo\u0142a\u0107 swoj\u0105 zgod\u0119 w dowolnym momencie, powiadamiaj\u0105c nas, bez wp\u0142ywu na zgodno\u015b\u0107 z prawem przetwarzania przeprowadzonego na podstawie zgody do momentu o<br \/>dwo\u0142ania. Dane te s\u0105 przesy\u0142ane w taki spos\u00f3b, \u017ce Klarna mo\u017ce utworzy\u0107 faktur\u0119 i dokona\u0107 sprawdzenia to\u017csamo\u015bci i kredytu w celu przetworzenia zakupu przy u\u017cyciu odpowiedniego przetwarzania faktur. Klarna potrzebuje danych osobowych kupuj\u0105cego w celu uzyskania informacji od agencji informacji biznesowej w celu identyfikacji i kredytowej warto sprawdzi\u0107. W Niemczech mog\u0105 to by\u0107 nast\u0119puj\u0105ce agencje informacji biznesowej:-<br \/>SCHUFA Holding AG, Kormoranweg 5, 65203 Wiesbaden<br \/>-B\u00fcrgel Wirtschaftsinformationen GmbH &amp; Co. KG, P.O. Box 5001 66, 22701 Ham<br \/>burg-Creditreform Bremen Seddig KG, Contrescarpe 17, 28<br \/>203 Bremen-Infoscore Consumer Data GmbH, Rheinstra\u00dfe 99, 76<br \/>532 Baden-Baden.Im ramach decyzji ustanawiaj\u0105cej, wdra\u017caj\u0105ce lub ko\u0144cz\u0105ce stosunek umowny Opr\u00f3cz sprawdzania adresu, Klarna zbiera i wykorzystuje informacje o poprzednim zachowaniu kupuj\u0105cego, jak r\u00f3wnie\u017c warto\u015bci prawdopodobie\u0144stwa dla tego zachowania w przysz\u0142o\u015bci. Obliczenie tych warto\u015bci punktowych przez Klarn\u0119 odbywa si\u0119 na podstawie naukowo uznanej metody matematyczno-statystycznej. W tym celu Klarna b\u0119dzie r\u00f3wnie\u017c wykorzystywa\u0107 dane adresowe. Je\u015bli to obliczenie pokazuje, \u017ce Twoja zdolno\u015b\u0107 kredytowa nie jest podana, Klarna poinformuje Ci\u0119 natychmiast. Co<\/p>\n<p><strong>fni\u0119cie wykorzystywania danych osobowych przeciwko Klarna <\/strong><br \/>1. W ka\u017cdej chwili mo\u017cesz odwo\u0142a\u0107 swoj\u0105 zgod\u0119 na wykorzystywanie danych osobowych do Klarna. Jednak\u017ce Klarna mo\u017ce zachowa\u0107 prawo do przetwarzania, wykorzystywania i przekazywania danych osobowych, o ile jest to konieczne do umownego przetwarzania p\u0142atno\u015bci przez us\u0142ugi Klarna, jest prawnie wymagane lub jest wymagane przez s\u0105du lub organu. <br \/>2. Oczywi\u015bcie, zawsze mo\u017cna uzyska\u0107 informacje na temat danych osobowych przechowywanych przez Klarna. Prawo to jest zagwarantowane przez Federaln\u0105 Ustaw\u0119 o ochronie danych. Je\u015bli jako kupuj\u0105cy chcesz to zrobi\u0107 lub je\u015bli chcesz powiadomi\u0107 Klarna o wszelkich zmianach przechowywanych danych, mo\u017cesz skontaktowa\u0107 si\u0119 z datenschutz@k<\/p>\n<p><strong>larna.de. Korzystani<\/strong><br \/>e z PayPalAll transakcji PayPal podlega polityce prywatno\u015bci PayPal. Mo\u017cna je znale\u017a\u0107 pod h<a href=\"https:\/\/www.paypal.com\/de\/webapps\/mpp\/ua\/privacy-prev?locale.x=de_DE\" target=\"_blank\" rel=\"noopener noreferrer\">ttps:\/\/www.paypal.com\/de\/webapps\/mpp\/ua\/privacy-prev?locale.x=de_DEC<\/a><\/p>\n<p><strong>ookies n<\/strong><br \/>asza strona u\u017cywa plik\u00f3w cookies. Cookies to niewielkie pliki tekstowe, kt\u00f3re s\u0105 u\u017cywane w przegl\u0105darce internetowej lub przechowywane przez przegl\u0105dark\u0119 internetow\u0105 w systemie komputerowym u\u017cytkownika. Gdy u\u017cytkownik uzyskuje dost\u0119p do strony internetowej, plik cookie mo\u017ce by\u0107 przechowywany w systemie operacyjnym u\u017cytkownika. Ten plik cookie zawiera charakterystyczny ci\u0105g, kt\u00f3ry umo\u017cliwia unikatowej identyfikacji przegl\u0105darki podczas odwiedzania witryny sieci Web ponownie. U\u017cywamy plik\u00f3w cookies, aby nasza oferta by\u0142a bardziej przyjazna dla u\u017cytkownika, skuteczna i bezpieczna. Pliki cookie pozwalaj\u0105 r\u00f3wnie\u017c naszym systemom rozpozna\u0107 Twoj\u0105 przegl\u0105dark\u0119 nawet po zmianie strony i zaoferowa\u0107 Ci us\u0142ugi. Niekt\u00f3re funkcje naszej strony internetowej nie mog\u0105 by\u0107 oferowane bez u\u017cycia plik\u00f3w cookies. Dla tych, konieczne jest, \u017ce przegl\u0105darka jest rozpoznawana nawet po zmianie strony. Pr<\/p>\n<p>zetwarzanie odbywa si\u0119 na podstawie sekcji 15 (3) TMG i art. 6 (1) \u015bwieci. f Rodo dla uzasadnionego interesu w wy\u017cej wymienionych celach. da<br \/>ne zebrane przez Ciebie w ten spos\u00f3b b\u0119d\u0105 pseudonimizowane przez techniczne \u015brodki ostro\u017cno\u015bci. W zwi\u0105zku z tym nie jest ju\u017c mo\u017cliwe przypisanie danych do osoby. Dane nie b\u0119d\u0105 przechowywane przez u\u017cytkownika wraz z innymi danymi oso<br \/><strong><em>bowymi. Masz prawo w ka\u017cdej chwili z przyczyn wynikaj\u0105cych z konkretnej sytuacji. 6 (1) f przetwarzanie danych osobowych dotycz\u0105cych u\u017cytkownika w oparciu o Rodo. Pliki co<\/em><\/strong><br \/>okies s\u0105 przechowywane na twoim komputerze. W zwi\u0105zku z tym masz pe\u0142n\u0105 kontrol\u0119 nad u\u017cyciem plik\u00f3w cookie. Wybieraj\u0105c odpowiednie ustawienia techniczne w przegl\u0105darce internetowej, mo\u017cna zapobiec przechowywaniu plik\u00f3w cookie i przekazywaniu zawartych w nim danych. Pliki cookie, kt\u00f3re zosta\u0142y ju\u017c zapisane, mog\u0105 zosta\u0107 usuni\u0119te w dowolnym momencie. Chcieliby\u015bmy jednak podkre\u015bli\u0107, \u017ce w pe\u0142nym zakresie mo\u017cesz nie by\u0107 w stanie korzysta\u0107 ze wszystkich funkcji tej strony. Po<br \/>d poni\u017cszymi linkami mo\u017cesz dowiedzie\u0107 si\u0119, jak zarz\u0105dza\u0107 ciasteczkami w najwa\u017cniejszych przegl\u0105darkach (np. r\u00f3wnie\u017c wy\u0142\u0105czy\u0107): przegl<br \/>\u0105darka Chrome: h<a href=\"https:\/\/support.google.com\/accounts\/answer\/61416?hl=de\" target=\"_blank\" rel=\"noopener noreferrer\">ttps:\/\/support.google.com\/accounts\/answer\/61416?hl=deI<\/a><br \/>nternet Explorer: h<a href=\"https:\/\/support.microsoft.com\/de-de\/help\/17442\/windows-internet-explorer-delete-manage-cookies\" target=\"_blank\" rel=\"noopener noreferrer\">ttps:\/\/support.microsoft.com\/de-de\/help\/17442\/windows-internet-explorer-delete-manage-cookies<\/a><br \/>Mozilla Firefox: <a href=\"https:\/\/support.mozilla.org\/de\/kb\/cookies-erlauben-und-ablehnen\" target=\"_blank\" rel=\"noopener noreferrer\">https:\/\/support.mozilla.org\/de\/kb\/cookies-erlauben-und-ablehnen<\/a><br \/>Safari: <a href=\"https:\/\/support.apple.com\/de-de\/guide\/safari\/manage-cookies-and-website-data-sfri11471\/mac\" target=\"_blank\" rel=\"noopener noreferrer\">https:\/\/support.apple.com\/de-de\/guide\/safari\/manage-cookies-and-website-data-sfri11471\/mac<\/a><br \/>\u00a0<\/p>\n<div><strong>Rozwi\u0105zanie Checkout jest \u015bwiadc<\/strong><br \/>zone przez Klarna AB (Sveav\u00e4gen 46, 111 34 Sztokholm, Szwecja) i wykorzystuje pliki cookie, aby zapewni\u0107 Pa\u0144stwu idealne do\u015bwiadczenie online dostosowane do Twoich potrzeb podczas korzystania z kasy. Przetwarzanie odbywa si\u0119 na podstawie typu. 6 (1) \u015bwieci. Rodo za Twoj\u0105 zgod\u0105. U\u017cytkownik mo\u017ce w ka\u017cdej chwili odwo\u0142a\u0107 swoj\u0105 zgod\u0119, nie wp\u0142ywaj\u0105c na zgodno\u015b\u0107 z prawem przetwarzania przeprowadzonego na podstawie zgody do momentu odwo\u0142ania. Aby to zrobi\u0107, mo\u017cna zapobiec przechowywaniu plik\u00f3w cookie, wybieraj\u0105c odpowiednie ustawienia techniczne oprogramowania przegl\u0105darki; Jednak, chcieliby\u015bmy podkre\u015bli\u0107, \u017ce w tym przypadku mo\u017ce nie by\u0107 w stanie korzysta\u0107 z wszystkich funkcji tej strony w pe\u0142nym zakresie.\u00a0<br \/>Szczeg\u00f3\u0142owa lista plik\u00f3w cookie i wyja\u015bnienie ich przeznaczenia mo\u017cna znale\u017a\u0107 tutaj https:\/<a href=\"https:\/\/cdn.klarna.com\/1.0\/shared\/content\/policy\/cookie\/de_at\/checkout.pdf\" target=\"_blank\" rel=\"noopener noreferrer\">\/cdn.klarna.com\/1.0\/shared\/content\/policy\/cookie\/de_at\/checkout.pdf<\/a>.<br \/>\u00a0<\/div>\n<p><strong>Czas trwania Storage<\/strong><br \/>po zako\u0144czeniu przetwarzania kontraktu dane s\u0105 najpierw przechowywane przez okres obowi\u0105zywania gwarancji, a nast\u0119pnie z uwzgl\u0119dnieniem ustawowych okres\u00f3w przechowywania, w szczeg\u00f3lno\u015bci prawa podatkowego i handlowego, a nast\u0119pnie przechowywane po okresu wa\u017cno\u015bci, je\u015bli u\u017cytkownik nie wyrazi\u0142 zgody na dalsze przetwarzanie i u\u017cyt<\/p>\n<p><strong>kowanie. Prawa do danych Pod<\/strong><br \/>a\u0107u\u017cytkownik do nast\u0119puj\u0105cych praw zgodnie z art, je\u015bli spe\u0142nione s\u0105 wymogi prawne. od 15 do 20 Rodo: prawo do informacji, sprostowanie, usuni\u0119cie, ograniczenie przetwarzania,<br \/> przenoszenie danych. 21 (1) Rodo ma prawo do sprzeciwu wobec przetwarzania, kt\u00f3re opiera si\u0119 na art. 6 (1) f Rodo, a tak\u017ce przeciwko przetwarzaniu w celu marketingu bezpo\u015bredniego. Sk<\/p>\n<p>ontaktuj si\u0119 z nami na zapytanie. Dane kontaktowe znajduj\u0105 si\u0119 w naszym Impressum. pra<\/p>\n<p><strong>wa do reklamacji z uprawnieniami nadzorczy<\/strong><br \/>mi masz zgodnie z art. 77 Rodo ma prawo z\u0142o\u017cy\u0107 skarg\u0119 do organu nadzorczego, je\u015bli uwa\u017casz, \u017ce przetwarzanie Twoich danych osobowych nie jest zgodne z prawem. Prawo do Obie<\/p>\n<p><strong>ktyna podstawie<\/strong><br \/> przetwarzania danych osobowych wymienionych tutaj na podstawie naszego uzasadnionego interesu zgodnie z art. 6 ust. 1 \u015bwieci si\u0119. f GDPR, masz prawo do sprzeciwu wobec tych operacji przetwarzania w dowolnym momencie ze skutkiem na przysz\u0142o\u015b\u0107 z przyczyn wynikaj\u0105cych z konkretnej sytuacji. Po <br \/>wniesieniem sprzeciwu, przetwarzanie danych zostanie zako\u0144czone, chyba \u017ce b\u0119dziemy mogli udowodni\u0107 istotne uzasadnione podstawy do przetwarzania, kt\u00f3re przewa\u017caj\u0105 nad Twoimi interesami, prawami i wolno\u015bciami, lub je\u015bli przetwarzanie roszczenia, do wykonywania lub obrony roszcze\u0144 prawnych. Je\u015bli przetwarzanie dany<\/p>\n<p>ch osobowych odbywa si\u0119 w celach marketingu bezpo\u015bredniego, mo\u017cesz w ka\u017cdej chwili sprzeciwi\u0107 si\u0119 takiemu przetwarzaniu, powiadamiaj\u0105c nas o tym fakcie. Po dokonaniu protestu, b\u0119dziemy ko\u0144czy\u0107 przetwarzanie danych do cel\u00f3w marketingu bezpo\u015bredniego. Os<\/p>\n<p>tatnia aktualizacja: 25.04.2018<\/p>\n","protected":false},"excerpt":{"rendered":"<p>Polityka prywat nosci o ile poni\u017cej nie postanowiono inaczej, dostarczenie Twoich danych osobowych nie jest wymagane na mocy prawa lub umowy ani nie jest wymagane do zawarcia umowy. Nie jeste\u015b zobowi\u0105zany do dostarczenia danych. Nie ma \u017cadnych konsekwencji dla braku obs\u0142ugi administracyjnej. Ma to zastosowanie jedynie w zakresie, w jakim nie przewidziano innych informacji dotycz\u0105cych &#8230; <a title=\"Prywatno\u015b\u0107 i prywatno\u015b\u0107\" class=\"read-more\" href=\"https:\/\/heureka-trade.de\/index.php\/language\/pl\/polityka-prywatnosci\/\" aria-label=\"Mehr Informationen \u00fcber Prywatno\u015b\u0107 i prywatno\u015b\u0107\">Weiterlesen<\/a><\/p>\n","protected":false},"author":1,"featured_media":0,"parent":0,"menu_order":0,"comment_status":"closed","ping_status":"closed","template":"","meta":{"footnotes":""},"class_list":["post-192","page","type-page","status-publish"],"_links":{"self":[{"href":"https:\/\/heureka-trade.de\/index.php\/wp-json\/wp\/v2\/pages\/192","targetHints":{"allow":["GET"]}}],"collection":[{"href":"https:\/\/heureka-trade.de\/index.php\/wp-json\/wp\/v2\/pages"}],"about":[{"href":"https:\/\/heureka-trade.de\/index.php\/wp-json\/wp\/v2\/types\/page"}],"author":[{"embeddable":true,"href":"https:\/\/heureka-trade.de\/index.php\/wp-json\/wp\/v2\/users\/1"}],"replies":[{"embeddable":true,"href":"https:\/\/heureka-trade.de\/index.php\/wp-json\/wp\/v2\/comments?post=192"}],"version-history":[{"count":0,"href":"https:\/\/heureka-trade.de\/index.php\/wp-json\/wp\/v2\/pages\/192\/revisions"}],"wp:attachment":[{"href":"https:\/\/heureka-trade.de\/index.php\/wp-json\/wp\/v2\/media?parent=192"}],"curies":[{"name":"wp","href":"https:\/\/api.w.org\/{rel}","templated":true}]}}