{"id":194,"date":"2019-08-21T12:14:14","date_gmt":"2019-08-21T12:14:14","guid":{"rendered":"https:\/\/heureka-trade.de\/WP\/?page_id=56"},"modified":"2019-08-21T12:14:14","modified_gmt":"2019-08-21T12:14:14","slug":"sdb-sdb","status":"publish","type":"page","link":"https:\/\/heureka-trade.de\/index.php\/language\/fr\/sdb-sdb\/","title":{"rendered":"Sdb (Sdb)"},"content":{"rendered":"<p>Nous serons heureux de vous envoyer les fiches de donn\u00e9es de s\u00e9curit\u00e9 souhait\u00e9es par e-mail sur demande.<\/p>\n","protected":false},"excerpt":{"rendered":"<p>Nous serons heureux de vous envoyer les fiches de donn\u00e9es de s\u00e9curit\u00e9 souhait\u00e9es par e-mail sur demande.<\/p>\n","protected":false},"author":1,"featured_media":0,"parent":0,"menu_order":0,"comment_status":"closed","ping_status":"closed","template":"","meta":{"footnotes":""},"class_list":["post-194","page","type-page","status-publish"],"_links":{"self":[{"href":"https:\/\/heureka-trade.de\/index.php\/wp-json\/wp\/v2\/pages\/194","targetHints":{"allow":["GET"]}}],"collection":[{"href":"https:\/\/heureka-trade.de\/index.php\/wp-json\/wp\/v2\/pages"}],"about":[{"href":"https:\/\/heureka-trade.de\/index.php\/wp-json\/wp\/v2\/types\/page"}],"author":[{"embeddable":true,"href":"https:\/\/heureka-trade.de\/index.php\/wp-json\/wp\/v2\/users\/1"}],"replies":[{"embeddable":true,"href":"https:\/\/heureka-trade.de\/index.php\/wp-json\/wp\/v2\/comments?post=194"}],"version-history":[{"count":0,"href":"https:\/\/heureka-trade.de\/index.php\/wp-json\/wp\/v2\/pages\/194\/revisions"}],"wp:attachment":[{"href":"https:\/\/heureka-trade.de\/index.php\/wp-json\/wp\/v2\/media?parent=194"}],"curies":[{"name":"wp","href":"https:\/\/api.w.org\/{rel}","templated":true}]}}