{"id":198,"date":"2019-08-21T10:23:26","date_gmt":"2019-08-21T10:23:26","guid":{"rendered":"https:\/\/heureka-trade.de\/WP\/?page_id=2"},"modified":"2019-08-23T07:38:40","modified_gmt":"2019-08-23T07:38:40","slug":"exemple-de-page","status":"publish","type":"page","link":"https:\/\/heureka-trade.de\/index.php\/language\/fr\/exemple-de-page\/","title":{"rendered":"\u00ab\u00a0\u00ab\u00a0Haut\u00a0\u00bb"},"content":{"rendered":"\r\n<p><strong>Bienvenue \u00e0 heureka liquid Solutions<\/strong><\/p>\r\n<p><strong><br \/>Solutions professionnelles pour le commerce. Depuis 15 ans.<\/strong><\/p>\r\n<p>\u00a0<\/p>\r\n<p>Nous sommes votre partenaire comp\u00e9tent pour des solutions flexibles dans les domaines de la chimie sanitaire et du traitement de l&#39;eau.<\/p>\r\n<p>Activit\u00e9s:<\/p>\r\n<ul>\r\n<li>D\u00e9veloppement de produits de nettoyage pour le secteur sanitaire<\/li>\r\n<li>Conception de conteneurs et d&#39;emballages ext\u00e9rieurs<\/li>\r\n<li>Payer le remplissage des liquides<\/li>\r\n<li>D\u00e9veloppement et production de produits de marque maison<\/li>\r\n<li>Service OEM pour les ensembles de tests de duret\u00e9 de l&#39;eau<\/li>\r\n<\/ul>\r\n<p>Profitez de nos nombreuses ann\u00e9es d&#39;exp\u00e9rience dans le secteur sanitaire. Beaucoup de marques priv\u00e9es bien connues ainsi que de plus petites marques priv\u00e9es sont fournies par nous.<\/p>\r\n<p><br \/>Nous vous soutenons dans le d\u00e9veloppement du projet et produisons votre produit selon vos souhaits.<\/p>\r\n<p>\u00a0<\/p>\r\n<p>Nous sommes l\u00e0 pour vous.<\/p>\r\n<p>\u00a0<\/p>\r\n","protected":false},"excerpt":{"rendered":"<p>Bienvenue \u00e0 heureka liquid Solutions Solutions professionnelles pour le commerce. Depuis 15 ans. \u00a0 Nous sommes votre partenaire comp\u00e9tent pour des solutions flexibles dans les domaines de la chimie sanitaire et du traitement de l&#39;eau. Activit\u00e9s: D\u00e9veloppement de produits de nettoyage pour le secteur sanitaire Conception de conteneurs et d&#39;emballages ext\u00e9rieurs Payer le remplissage des &#8230; <a title=\"\u00ab\u00a0\u00ab\u00a0Haut\u00a0\u00bb\" class=\"read-more\" href=\"https:\/\/heureka-trade.de\/index.php\/language\/fr\/exemple-de-page\/\" aria-label=\"Mehr Informationen \u00fcber \u00ab\u00a0\u00ab\u00a0Haut\u00a0\u00bb\">Weiterlesen<\/a><\/p>\n","protected":false},"author":1,"featured_media":0,"parent":0,"menu_order":0,"comment_status":"closed","ping_status":"closed","template":"","meta":{"footnotes":""},"class_list":["post-198","page","type-page","status-publish"],"_links":{"self":[{"href":"https:\/\/heureka-trade.de\/index.php\/wp-json\/wp\/v2\/pages\/198","targetHints":{"allow":["GET"]}}],"collection":[{"href":"https:\/\/heureka-trade.de\/index.php\/wp-json\/wp\/v2\/pages"}],"about":[{"href":"https:\/\/heureka-trade.de\/index.php\/wp-json\/wp\/v2\/types\/page"}],"author":[{"embeddable":true,"href":"https:\/\/heureka-trade.de\/index.php\/wp-json\/wp\/v2\/users\/1"}],"replies":[{"embeddable":true,"href":"https:\/\/heureka-trade.de\/index.php\/wp-json\/wp\/v2\/comments?post=198"}],"version-history":[{"count":1,"href":"https:\/\/heureka-trade.de\/index.php\/wp-json\/wp\/v2\/pages\/198\/revisions"}],"predecessor-version":[{"id":203,"href":"https:\/\/heureka-trade.de\/index.php\/wp-json\/wp\/v2\/pages\/198\/revisions\/203"}],"wp:attachment":[{"href":"https:\/\/heureka-trade.de\/index.php\/wp-json\/wp\/v2\/media?parent=198"}],"curies":[{"name":"wp","href":"https:\/\/api.w.org\/{rel}","templated":true}]}}