{"id":2,"date":"2019-08-21T10:23:26","date_gmt":"2019-08-21T10:23:26","guid":{"rendered":"https:\/\/heureka-trade.de\/WP\/?page_id=2"},"modified":"2023-09-19T07:17:18","modified_gmt":"2023-09-19T07:17:18","slug":"sample-page","status":"publish","type":"page","link":"https:\/\/heureka-trade.de\/","title":{"rendered":"Startseite"},"content":{"rendered":"\r\n<p><strong>Willkommen bei heureka liquid Solutions<\/strong><\/p>\r\n<p><strong><br \/>Professionelle L\u00f6sungen f\u00fcr den Handel. Seit mehr als 20 Jahren.<\/strong><\/p>\r\n<p>&nbsp;<\/p>\r\n<p>Wir sind Ihr kompetenter Partner f\u00fcr flexible L\u00f6sungen in den Bereichen Sanit\u00e4rchemie und Wasseraufbereitung.<\/p>\r\n<p>T\u00e4tigkeitsfelder:<\/p>\r\n<ul>\r\n<li>Entwicklung von Reinigungsmitteln f\u00fcr den Sanit\u00e4rbereich<\/li>\r\n<li>Design von Beh\u00e4ltnissen und Umverpackungen<\/li>\r\n<li>Lohnabf\u00fcllung von Liquids<\/li>\r\n<li>Entwicklung und Herstellung von Private-Label Produkten<\/li>\r\n<li>OEM-Service f\u00fcr Wasserh\u00e4rte Pr\u00fcfsets<\/li>\r\n<\/ul>\r\n<p>Profitieren Sie von unserer langj\u00e4hrigen Erfahrung im Sanit\u00e4rbereich. Viele namhafte Handelsmarken, aber auch kleinere Private-Labels werden von uns beliefert.<\/p>\r\n<p><br \/>Wir unterst\u00fctzen Sie bei der Projektentwicklung und produzieren Ihr Produkt nach Ihren Vorstellungen.<\/p>\r\n<p>&nbsp;<\/p>\r\n<p>Wir sind f\u00fcr Sie da.<\/p>\r\n<p>&nbsp;<\/p>\r\n","protected":false},"excerpt":{"rendered":"<p>Willkommen bei heureka liquid Solutions Professionelle L\u00f6sungen f\u00fcr den Handel. Seit mehr als 20 Jahren. &nbsp; Wir sind Ihr kompetenter Partner f\u00fcr flexible L\u00f6sungen in den Bereichen Sanit\u00e4rchemie und Wasseraufbereitung. T\u00e4tigkeitsfelder: Entwicklung von Reinigungsmitteln f\u00fcr den Sanit\u00e4rbereich Design von Beh\u00e4ltnissen und Umverpackungen Lohnabf\u00fcllung von Liquids Entwicklung und Herstellung von Private-Label Produkten OEM-Service f\u00fcr Wasserh\u00e4rte Pr\u00fcfsets &#8230; <a title=\"Startseite\" class=\"read-more\" href=\"https:\/\/heureka-trade.de\/\" aria-label=\"Mehr Informationen \u00fcber Startseite\">Weiterlesen<\/a><\/p>\n","protected":false},"author":1,"featured_media":0,"parent":0,"menu_order":0,"comment_status":"closed","ping_status":"closed","template":"","meta":{"footnotes":""},"class_list":["post-2","page","type-page","status-publish"],"_links":{"self":[{"href":"https:\/\/heureka-trade.de\/index.php\/wp-json\/wp\/v2\/pages\/2","targetHints":{"allow":["GET"]}}],"collection":[{"href":"https:\/\/heureka-trade.de\/index.php\/wp-json\/wp\/v2\/pages"}],"about":[{"href":"https:\/\/heureka-trade.de\/index.php\/wp-json\/wp\/v2\/types\/page"}],"author":[{"embeddable":true,"href":"https:\/\/heureka-trade.de\/index.php\/wp-json\/wp\/v2\/users\/1"}],"replies":[{"embeddable":true,"href":"https:\/\/heureka-trade.de\/index.php\/wp-json\/wp\/v2\/comments?post=2"}],"version-history":[{"count":5,"href":"https:\/\/heureka-trade.de\/index.php\/wp-json\/wp\/v2\/pages\/2\/revisions"}],"predecessor-version":[{"id":582,"href":"https:\/\/heureka-trade.de\/index.php\/wp-json\/wp\/v2\/pages\/2\/revisions\/582"}],"wp:attachment":[{"href":"https:\/\/heureka-trade.de\/index.php\/wp-json\/wp\/v2\/media?parent=2"}],"curies":[{"name":"wp","href":"https:\/\/api.w.org\/{rel}","templated":true}]}}