{"id":200,"date":"2019-08-21T10:23:26","date_gmt":"2019-08-21T10:23:26","guid":{"rendered":"https:\/\/heureka-trade.de\/WP\/?page_id=2"},"modified":"2019-08-23T07:38:43","modified_gmt":"2019-08-23T07:38:43","slug":"przykladowa-strona","status":"publish","type":"page","link":"https:\/\/heureka-trade.de\/index.php\/language\/pl\/przykladowa-strona\/","title":{"rendered":"W: strona g\u0142\u00f3wna"},"content":{"rendered":"\r\n<p><strong>Witamy w cieczy Heureka Solutions<\/strong><\/p>\r\n<p><strong><br \/>Profesjonalne rozwi\u0105zania dla handlu. Przez 15 lat.<\/strong><\/p>\r\n<p>\u00a0<\/p>\r\n<p>Jeste\u015bmy kompetentnym partnerem w zakresie elastycznych rozwi\u0105za\u0144 w dziedzinie chemii sanitarnej i uzdatniania wody.<\/p>\r\n<p>Dzia\u0142ania:<\/p>\r\n<ul>\r\n<li>Opracowywanie produkt\u00f3w czyszcz\u0105cych dla sektora sanitarnego<\/li>\r\n<li>Projektowanie pojemnik\u00f3w i opakowa\u0144 zewn\u0119trznych<\/li>\r\n<li>Zap\u0142a\u0107 nape\u0142nianie cieczy<\/li>\r\n<li>Opracowywanie i produkcja prywatnych produkt\u00f3w etykietach<\/li>\r\n<li>Us\u0142uga OEM dla zestaw\u00f3w testowych twardo\u015bci wody<\/li>\r\n<\/ul>\r\n<p>Skorzystaj z naszego wieloletniego do\u015bwiadczenia w sektorze sanitarnym. Wiele znanych prywatnych etykiet oraz mniejszych prywatnych etykiet jest dostarczanych przez nas.<\/p>\r\n<p><br \/>Wspieramy Ci\u0119 w rozwoju projektu i produkujemy sw\u00f3j produkt zgodnie z Twoimi \u017cyczeniami.<\/p>\r\n<p>\u00a0<\/p>\r\n<p>Jeste\u015bmy tu dla Ciebie.<\/p>\r\n<p>\u00a0<\/p>\r\n","protected":false},"excerpt":{"rendered":"<p>Witamy w cieczy Heureka Solutions Profesjonalne rozwi\u0105zania dla handlu. Przez 15 lat. \u00a0 Jeste\u015bmy kompetentnym partnerem w zakresie elastycznych rozwi\u0105za\u0144 w dziedzinie chemii sanitarnej i uzdatniania wody. Dzia\u0142ania: Opracowywanie produkt\u00f3w czyszcz\u0105cych dla sektora sanitarnego Projektowanie pojemnik\u00f3w i opakowa\u0144 zewn\u0119trznych Zap\u0142a\u0107 nape\u0142nianie cieczy Opracowywanie i produkcja prywatnych produkt\u00f3w etykietach Us\u0142uga OEM dla zestaw\u00f3w testowych twardo\u015bci wody &#8230; <a title=\"W: strona g\u0142\u00f3wna\" class=\"read-more\" href=\"https:\/\/heureka-trade.de\/index.php\/language\/pl\/przykladowa-strona\/\" aria-label=\"Mehr Informationen \u00fcber W: strona g\u0142\u00f3wna\">Weiterlesen<\/a><\/p>\n","protected":false},"author":1,"featured_media":0,"parent":0,"menu_order":0,"comment_status":"closed","ping_status":"closed","template":"","meta":{"footnotes":""},"class_list":["post-200","page","type-page","status-publish"],"_links":{"self":[{"href":"https:\/\/heureka-trade.de\/index.php\/wp-json\/wp\/v2\/pages\/200","targetHints":{"allow":["GET"]}}],"collection":[{"href":"https:\/\/heureka-trade.de\/index.php\/wp-json\/wp\/v2\/pages"}],"about":[{"href":"https:\/\/heureka-trade.de\/index.php\/wp-json\/wp\/v2\/types\/page"}],"author":[{"embeddable":true,"href":"https:\/\/heureka-trade.de\/index.php\/wp-json\/wp\/v2\/users\/1"}],"replies":[{"embeddable":true,"href":"https:\/\/heureka-trade.de\/index.php\/wp-json\/wp\/v2\/comments?post=200"}],"version-history":[{"count":1,"href":"https:\/\/heureka-trade.de\/index.php\/wp-json\/wp\/v2\/pages\/200\/revisions"}],"predecessor-version":[{"id":205,"href":"https:\/\/heureka-trade.de\/index.php\/wp-json\/wp\/v2\/pages\/200\/revisions\/205"}],"wp:attachment":[{"href":"https:\/\/heureka-trade.de\/index.php\/wp-json\/wp\/v2\/media?parent=200"}],"curies":[{"name":"wp","href":"https:\/\/api.w.org\/{rel}","templated":true}]}}